{"id":4398,"date":"2014-06-10T02:08:56","date_gmt":"2014-06-10T02:08:56","guid":{"rendered":"https:\/\/orchestrenouvellegeneration.com\/?page_id=4398"},"modified":"2021-03-06T02:35:16","modified_gmt":"2021-03-06T02:35:16","slug":"8-novembre-2014","status":"publish","type":"page","link":"https:\/\/orchestrenouvellegeneration.com\/fr\/2014-2015-season\/8-novembre-2014\/","title":{"rendered":"VIOLONCHELO ESPA\u00d1OL"},"content":{"rendered":"<div class=\"wpb-content-wrapper\"><p>[vc_row][vc_column width=\u00a0\u00bb3\/4&Prime;][vc_column_text]<em>Violonchelo Espa\u00f1ol<\/em>\u00a0mettra en vedette St\u00e9phane T\u00e9treault, accompagn\u00e9 de son c\u00e9l\u00e8bre Stradivarius. Avec la participation de la soprano Gianna Corbisiero qui nous interpr\u00e9tera des extraits de Carmen et du Barbier de S\u00e9ville, soyez des n\u00f4tres pour cette soir\u00e9e d\u00e9di\u00e9e aux plus beaux airs de musique espagnole \u00e0 la voix et au violoncelle!<\/p>\n<p><strong>St\u00e9phane T\u00e9treault<\/strong>, chef \/ violoncelle<br \/>\n<strong>Gianna Corbisiero<\/strong>, soprano<\/p>\n<p>Programme<\/p>\n<p><strong>Gaspar Cassad\u00f3<\/strong><br \/>\nSuite pour violoncelle solo \u2013\u00a0<em>Intermezzo et Danza Finale<\/em><\/p>\n<p><strong>Enrique Granados<\/strong><br \/>\nIntermezzo<\/p>\n<p><strong>Alexandre Glazounov<\/strong><br \/>\nS\u00e9r\u00e9nade espagnole, opus 20, no. 2<br \/>\nChant du M\u00e9nestrel for violoncelle et orchestre, opus 71<\/p>\n<p><strong>Isaac Alb\u00e9niz<\/strong><br \/>\nMalaguena<\/p>\n<p><strong>Manuel de Falla<\/strong>\u00a0(1876 \u2013 1946)<br \/>\nSept Chansons populaires espagnoles\u00a0<em>(Siete canciones populares espa\u00f1olas)<\/em><\/p>\n<p><strong>Gioachino Rossini<\/strong><br \/>\nBarbier de S\u00e9ville \u2013\u00a0<em>Una voce poco fa<\/em><\/p>\n<p><strong>Georges Bizet<\/strong><br \/>\nCarmen \u2013\u00a0<em>Habanera: L\u2019amour est un oiseau rebelle<\/em><\/p>\n<p><strong>\u00c9douard Lalo<\/strong>\u00a0(1823 \u2013 1892)<br \/>\nConcerto pour violoncelle et orchestre en r\u00e9 mineur[\/vc_column_text][\/vc_column][vc_column width=\u00a0\u00bb1\/4&Prime;][vc_single_image image=\u00a0\u00bb7347&Prime; img_size=\u00a0\u00bbfull\u00a0\u00bb add_caption=\u00a0\u00bbyes\u00a0\u00bb onclick=\u00a0\u00bblink_image\u00a0\u00bb][vc_single_image image=\u00a0\u00bb7469&Prime; img_size=\u00a0\u00bbfull\u00a0\u00bb add_caption=\u00a0\u00bbyes\u00a0\u00bb onclick=\u00a0\u00bblink_image\u00a0\u00bb][\/vc_column][\/vc_row]<\/p>\n<\/div>","protected":false},"excerpt":{"rendered":"<p>[vc_row][vc_column width=\u00a0\u00bb3\/4&Prime;][vc_column_text]Violonchelo Espa\u00f1ol\u00a0mettra en vedette St\u00e9phane T\u00e9treault, accompagn\u00e9 de son c\u00e9l\u00e8bre Stradivarius. Avec la participation de la soprano Gianna Corbisiero qui nous interpr\u00e9tera des extraits de<span class=\"excerpt-hellip\"> [\u2026]<\/span><\/p>\n","protected":false},"author":9,"featured_media":0,"parent":4365,"menu_order":2,"comment_status":"closed","ping_status":"closed","template":"","meta":{"footnotes":""},"class_list":["post-4398","page","type-page","status-publish","hentry"],"_links":{"self":[{"href":"https:\/\/orchestrenouvellegeneration.com\/fr\/wp-json\/wp\/v2\/pages\/4398","targetHints":{"allow":["GET"]}}],"collection":[{"href":"https:\/\/orchestrenouvellegeneration.com\/fr\/wp-json\/wp\/v2\/pages"}],"about":[{"href":"https:\/\/orchestrenouvellegeneration.com\/fr\/wp-json\/wp\/v2\/types\/page"}],"author":[{"embeddable":true,"href":"https:\/\/orchestrenouvellegeneration.com\/fr\/wp-json\/wp\/v2\/users\/9"}],"replies":[{"embeddable":true,"href":"https:\/\/orchestrenouvellegeneration.com\/fr\/wp-json\/wp\/v2\/comments?post=4398"}],"version-history":[{"count":18,"href":"https:\/\/orchestrenouvellegeneration.com\/fr\/wp-json\/wp\/v2\/pages\/4398\/revisions"}],"predecessor-version":[{"id":8063,"href":"https:\/\/orchestrenouvellegeneration.com\/fr\/wp-json\/wp\/v2\/pages\/4398\/revisions\/8063"}],"up":[{"embeddable":true,"href":"https:\/\/orchestrenouvellegeneration.com\/fr\/wp-json\/wp\/v2\/pages\/4365"}],"wp:attachment":[{"href":"https:\/\/orchestrenouvellegeneration.com\/fr\/wp-json\/wp\/v2\/media?parent=4398"}],"curies":[{"name":"wp","href":"https:\/\/api.w.org\/{rel}","templated":true}]}}