{"id":4391,"date":"2014-06-10T13:52:26","date_gmt":"2014-06-10T13:52:26","guid":{"rendered":"https:\/\/orchestrenouvellegeneration.com\/?page_id=4391"},"modified":"2021-03-06T02:32:14","modified_gmt":"2021-03-06T02:32:14","slug":"20-septembre-2014","status":"publish","type":"page","link":"https:\/\/orchestrenouvellegeneration.com\/fr\/2014-2015-season\/20-septembre-2014\/","title":{"rendered":"BACH \u00c0 LA JAZZ"},"content":{"rendered":"<div class=\"wpb-content-wrapper\"><p>[vc_row][vc_column width=\u00a0\u00bb3\/4&Prime;][vc_column_text]Une vision moderne de la musique de Bach, Matt Herskowitz r\u00e9invente les grandes \u0153uvres du ma\u00eetre dans des styles contemporains. Le r\u00e9sultat est tout le g\u00e9nie de Bach dans une nouvelle voix, personnelle et moderne.<\/p>\n<p><strong>Matt Herskowitz<\/strong>, pianiste invit\u00e9<br \/>\n<strong>Alain Aubut<\/strong>, chef d\u2019orchestre<\/p>\n<p>Programme<br \/>\n<strong>Johann Sebastian Bach<\/strong><br \/>\nConcerto Brandebourgeois no. 3 en sol majeur, BWV 1048<br \/>\nConcerto pour 3 violons en r\u00e9 majeur, BWV 1063<\/p>\n<p><strong>Matt Herskowitz<\/strong><br \/>\nBach <em>\u00e0 la Jazz<\/em>[\/vc_column_text][\/vc_column][vc_column width=\u00a0\u00bb1\/4&Prime;][vc_single_image image=\u00a0\u00bb7594&Prime; img_size=\u00a0\u00bbfull\u00a0\u00bb add_caption=\u00a0\u00bbyes\u00a0\u00bb onclick=\u00a0\u00bblink_image\u00a0\u00bb][vc_single_image image=\u00a0\u00bb7595&Prime; img_size=\u00a0\u00bbfull\u00a0\u00bb add_caption=\u00a0\u00bbyes\u00a0\u00bb onclick=\u00a0\u00bblink_image\u00a0\u00bb][\/vc_column][\/vc_row]<\/p>\n<\/div>","protected":false},"excerpt":{"rendered":"<p>[vc_row][vc_column width=\u00a0\u00bb3\/4&Prime;][vc_column_text]Une vision moderne de la musique de Bach, Matt Herskowitz r\u00e9invente les grandes \u0153uvres du ma\u00eetre dans des styles contemporains. Le r\u00e9sultat est tout le<span class=\"excerpt-hellip\"> [\u2026]<\/span><\/p>\n","protected":false},"author":9,"featured_media":0,"parent":4365,"menu_order":1,"comment_status":"closed","ping_status":"open","template":"","meta":{"footnotes":""},"class_list":["post-4391","page","type-page","status-publish","hentry"],"_links":{"self":[{"href":"https:\/\/orchestrenouvellegeneration.com\/fr\/wp-json\/wp\/v2\/pages\/4391","targetHints":{"allow":["GET"]}}],"collection":[{"href":"https:\/\/orchestrenouvellegeneration.com\/fr\/wp-json\/wp\/v2\/pages"}],"about":[{"href":"https:\/\/orchestrenouvellegeneration.com\/fr\/wp-json\/wp\/v2\/types\/page"}],"author":[{"embeddable":true,"href":"https:\/\/orchestrenouvellegeneration.com\/fr\/wp-json\/wp\/v2\/users\/9"}],"replies":[{"embeddable":true,"href":"https:\/\/orchestrenouvellegeneration.com\/fr\/wp-json\/wp\/v2\/comments?post=4391"}],"version-history":[{"count":17,"href":"https:\/\/orchestrenouvellegeneration.com\/fr\/wp-json\/wp\/v2\/pages\/4391\/revisions"}],"predecessor-version":[{"id":8061,"href":"https:\/\/orchestrenouvellegeneration.com\/fr\/wp-json\/wp\/v2\/pages\/4391\/revisions\/8061"}],"up":[{"embeddable":true,"href":"https:\/\/orchestrenouvellegeneration.com\/fr\/wp-json\/wp\/v2\/pages\/4365"}],"wp:attachment":[{"href":"https:\/\/orchestrenouvellegeneration.com\/fr\/wp-json\/wp\/v2\/media?parent=4391"}],"curies":[{"name":"wp","href":"https:\/\/api.w.org\/{rel}","templated":true}]}}