{"id":4304,"date":"2014-05-24T03:24:05","date_gmt":"2014-05-24T03:24:05","guid":{"rendered":"https:\/\/orchestrenouvellegeneration.com\/?page_id=4304"},"modified":"2014-06-02T01:53:51","modified_gmt":"2014-06-02T01:53:51","slug":"tableaux-dansants-pourquoi","status":"publish","type":"page","link":"https:\/\/orchestrenouvellegeneration.com\/fr\/tableaux-dansants-pourquoi\/","title":{"rendered":"Tableaux dansants: \u201cPourquoi\u201d"},"content":{"rendered":"<p>[two_third_column]Quand un proche ami de Moussorgski, l\u2019artiste et architecte Victor Hartmann d\u00e9c\u00e9da subitement d\u2019une crise cardiaque, cela fut un choc, non seulement pour Moussorgski tout autant que pour la communaut\u00e9 intellectuelle de Saint-P\u00e9tersbourg de l\u2019\u00e9poque, dans son ensemble.<\/p>\n<p>Un an plus tard, en 1874, les amis d\u2019Hartmann organis\u00e8rent une exposition de ses peintures et projets architecturaux et autres cr\u00e9ations. C\u2019est cette exposition qui inspira Moussorgski \u00e0 composer un cycle pour piano constitu\u00e9 de dix pi\u00e8ces et de quatre intermezzos. Intitul\u00e9 \u00ab Promenades \u00bb, ils invitaient \u00e0 parcourir l\u2019exposition d\u2019une peinture \u00e0 l\u2019autre. C\u2019est ainsi que les Tableaux d\u2019une exposition devinrent l\u2019une des plus populaires, mais \u00f4 combien difficile, pi\u00e8ce du r\u00e9pertoire pour piano.<\/p>\n<p>Au 20e si\u00e8cle, elle devient encore plus populaire gr\u00e2ce \u00e0 la transcription pour orchestre qu\u2019en fit Maurice Ravel (command\u00e9e par le grand chef d\u2019orchestre russo-am\u00e9ricain Serge Koussevitzky).<\/p>\n<p>Au fil des nombreuses r\u00e9volutions et guerre qui \u00e9cum\u00e8rent la Russie depuis cette m\u00e9morable exposition,la plupart des oeuvres ont disparu et seules leurs formes musicales subsistent. Lorsque j\u2019ai d\u00e9cid\u00e9 de pr\u00e9senter Les Tableaux d\u2019une exposition dans sa version pour orchestre \u00e0 cordes lors d\u2019un concert d\u2019I Musici de Montr\u00e9al, j\u2019ai demand\u00e9 \u00e0 ma fille Natasha (qui est non seulement violoniste, membre d\u2019I Musici mais \u00e9galement une artiste peintre accomplie, v\u00e9ritablement originale et ayant \u00e0 son actif de nombreuses expositions internationales \u00e0 succ\u00e8s) d\u2019essayer de recr\u00e9er ces images perdues en prenant l\u2019inspiration dans la musique qui avait elle-m\u00eame \u00e9t\u00e9 inspir\u00e9e par ces travaux aujourd\u2019hui disparus. Le r\u00e9sultat : quinze magnifiques toiles formant un tout v\u00e9ritablement original.Ces toiles furent expos\u00e9es dans l\u2019entr\u00e9e de la salle de concert et le succ\u00e8s de la soir\u00e9e suscita l\u2019id\u00e9e d\u2019amener ce concept sur la route. Vues la taille des toiles de Natasha, trop imposante pour le transport, l\u2019id\u00e9e d\u2019une projection se mat\u00e9rialisa.<\/p>\n<p>En m\u00eame temps que cette id\u00e9e faisait son chemin, du mot magique \u00abprojection \u00bb d\u00e9coula naturellement l\u2019id\u00e9e de faire bouger ou plut\u00f4t \u00ab danser \u00bb les toiles. Ainsi, l\u2019id\u00e9e de \u00ab Tableaux dansants \u00bb \u00e9tait n\u00e9e. Une sorte de script fut \u00e9labor\u00e9 pour connecter chacun des tournures des phrases musicales, de l\u2019harmonie, du tempo, du rythme avec un mouvement sur l\u2019\u00e9cran des \u00e9l\u00e9ments des peintures. Avec l\u2019aide de l\u2019artiste num\u00e9rique Ga\u00ebl Hollard, l\u2019animation du mat\u00e9riel artistique d\u00e9coulant des toiles de Natasha ne veut pas raconter une histoire dans le sens commun du terme mais plut\u00f4t offrir un \u00ab commentaire \u00bb visuel ou une \u00ab traduction \u00bb du contenu musical.<\/p>\n<p>Musique et peinture sont des formes d\u2019art \u00e0 la fois tr\u00e8s proches mais des plus diff\u00e9rentes. Elles s\u2019incarnent dans deux dimensions. Tandis que la musique peut \u00eatre mesur\u00e9e dans le temps \u2013 elle commence \u00e0 un certain moment, se d\u00e9veloppe et se conclut un peu plus tard \u2013, elle n\u2019existe pas dans l\u2019espace. On ne peut pas la \u00ab toucher \u00bb. La peinture, elle, existe dans l\u2019espace \u2013 sur des toiles mesurables en pieds ou en pouces \u2013, mais elle ne se d\u00e9veloppe pas et reste immuable une fois r\u00e9alis\u00e9e.<\/p>\n<p>Cela explique sans doute pourquoi ces deux formes d\u2019art sont intimement li\u00e9es. Cela influence m\u00eame le vocabulaire des musiciens et des peintres : tandis que les premiers sont \u00e0 la recherche de \u00ab couleurs \u00bb, de \u00ab lignes \u00bb et \u00ab d\u2019architecture \u00bb dans leurs oeuvres musicales, les seconds tentent de cr\u00e9er un \u00ab rythme \u00bb, une \u00ab harmonie \u00bb, une \u00ab m\u00e9lodie \u00bb m\u00eame, voire une \u00ab polyphonie \u00bb dans leurs oeuvres picturales.<\/p>\n<p>Avec nos Tableaux dansants, il semble que nous ayons r\u00e9ussi \u00e0 cr\u00e9er une symbiose entre les deux formes d\u2019art. Les tableaux \u00ab vivent \u00bb dans le temps et la musique prend corps et devient visible. C\u2019est un peu comme r\u00e9soudre l\u2019\u00e9nigme de Voldemort (oui oui le m\u00eame) dans Harry Potter, mais sans les intentions d\u00e9moniques bien entendu\u2026<\/p>\n<p>Bienvenue, donc, dans l\u2019univers de nos tableaux pour les oreilles et musique pour les yeux![\/two_third_column][three_column_last]<strong>EXTRAITS VID\u00c9O<\/strong><br \/>\n<div class=\"image_frame image_item scale-with-grid element_classes alignnone no_border mfn-img-box\"  role=\"link\" aria-label=\"Image with links\" tabindex=\"0\"><div class=\"image_wrapper\"><a href=\"http:\/\/youtu.be\/-NdmWpzM_aE\"    class=\"\"  tabindex=\"-1\" title=\"\"><div class=\"mask\"><\/div><img decoding=\"async\" class=\"scale-with-grid\" src=\"\" alt=\"\" title=\"\" width=\"\" height=\"\" style=\"\"\/><\/a><div class=\"image_links\"><a href=\"http:\/\/youtu.be\/-NdmWpzM_aE\" class=\"link \"    tabindex=\"-1\" title=\"\"><svg viewBox=\"0 0 26 26\"><defs><style>.path{fill:none;stroke:#333;stroke-miterlimit:10;stroke-width:1.5px;}<\/style><\/defs><g><path d=\"M10.17,8.76l2.12-2.12a5,5,0,0,1,7.07,0h0a5,5,0,0,1,0,7.07l-2.12,2.12\" class=\"path\"><\/path><path d=\"M15.83,17.24l-2.12,2.12a5,5,0,0,1-7.07,0h0a5,5,0,0,1,0-7.07l2.12-2.12\" class=\"path\"><\/path><line x1=\"10.17\" y1=\"15.83\" x2=\"15.83\" y2=\"10.17\" class=\"path\"><\/line><\/g><\/svg><\/a><\/div><\/div><\/div>\n<br \/>\n<span class=\"desc_videos\">La bande-annonce des <em>Tableaux Dansants<\/em><\/span><br \/>\n<div class=\"image_frame image_item scale-with-grid element_classes alignnone no_border mfn-img-box\"  role=\"link\" aria-label=\"Image with links\" tabindex=\"0\"><div class=\"image_wrapper\"><a href=\"http:\/\/youtu.be\/8cJSbWtTia4\"    class=\"\"  tabindex=\"-1\" title=\"\"><div class=\"mask\"><\/div><img decoding=\"async\" class=\"scale-with-grid\" src=\"\" alt=\"\" title=\"\" width=\"\" height=\"\" style=\"\"\/><\/a><div class=\"image_links\"><a href=\"http:\/\/youtu.be\/8cJSbWtTia4\" class=\"link \"    tabindex=\"-1\" title=\"\"><svg viewBox=\"0 0 26 26\"><defs><style>.path{fill:none;stroke:#333;stroke-miterlimit:10;stroke-width:1.5px;}<\/style><\/defs><g><path d=\"M10.17,8.76l2.12-2.12a5,5,0,0,1,7.07,0h0a5,5,0,0,1,0,7.07l-2.12,2.12\" class=\"path\"><\/path><path d=\"M15.83,17.24l-2.12,2.12a5,5,0,0,1-7.07,0h0a5,5,0,0,1,0-7.07l2.12-2.12\" class=\"path\"><\/path><line x1=\"10.17\" y1=\"15.83\" x2=\"15.83\" y2=\"10.17\" class=\"path\"><\/line><\/g><\/svg><\/a><\/div><\/div><\/div>\n<br \/>\n<span class=\"desc_videos\">Ballet des poussins dans leurs coques<\/span><br \/>\n<div class=\"image_frame image_item scale-with-grid element_classes alignnone no_border mfn-img-box\"  role=\"link\" aria-label=\"Image with links\" tabindex=\"0\"><div class=\"image_wrapper\"><a href=\"http:\/\/youtu.be\/G_Ndkdan9oo\"    class=\"\"  tabindex=\"-1\" title=\"\"><div class=\"mask\"><\/div><img decoding=\"async\" class=\"scale-with-grid\" src=\"\" alt=\"\" title=\"\" width=\"\" height=\"\" style=\"\"\/><\/a><div class=\"image_links\"><a href=\"http:\/\/youtu.be\/G_Ndkdan9oo\" class=\"link \"    tabindex=\"-1\" title=\"\"><svg viewBox=\"0 0 26 26\"><defs><style>.path{fill:none;stroke:#333;stroke-miterlimit:10;stroke-width:1.5px;}<\/style><\/defs><g><path d=\"M10.17,8.76l2.12-2.12a5,5,0,0,1,7.07,0h0a5,5,0,0,1,0,7.07l-2.12,2.12\" class=\"path\"><\/path><path d=\"M15.83,17.24l-2.12,2.12a5,5,0,0,1-7.07,0h0a5,5,0,0,1,0-7.07l2.12-2.12\" class=\"path\"><\/path><line x1=\"10.17\" y1=\"15.83\" x2=\"15.83\" y2=\"10.17\" class=\"path\"><\/line><\/g><\/svg><\/a><\/div><\/div><\/div>\n<br \/>\n<span class=\"desc_videos\">Gnomus<\/span><br \/>\n<div class=\"image_frame image_item scale-with-grid element_classes alignnone no_border mfn-img-box\"  role=\"link\" aria-label=\"Image with links\" tabindex=\"0\"><div class=\"image_wrapper\"><a href=\"http:\/\/youtu.be\/EZHpJ4i6e2A\"    class=\"\"  tabindex=\"-1\" title=\"\"><div class=\"mask\"><\/div><img decoding=\"async\" class=\"scale-with-grid\" src=\"\" alt=\"\" title=\"\" width=\"\" height=\"\" style=\"\"\/><\/a><div class=\"image_links\"><a href=\"http:\/\/youtu.be\/EZHpJ4i6e2A\" class=\"link \"    tabindex=\"-1\" title=\"\"><svg viewBox=\"0 0 26 26\"><defs><style>.path{fill:none;stroke:#333;stroke-miterlimit:10;stroke-width:1.5px;}<\/style><\/defs><g><path d=\"M10.17,8.76l2.12-2.12a5,5,0,0,1,7.07,0h0a5,5,0,0,1,0,7.07l-2.12,2.12\" class=\"path\"><\/path><path d=\"M15.83,17.24l-2.12,2.12a5,5,0,0,1-7.07,0h0a5,5,0,0,1,0-7.07l2.12-2.12\" class=\"path\"><\/path><line x1=\"10.17\" y1=\"15.83\" x2=\"15.83\" y2=\"10.17\" class=\"path\"><\/line><\/g><\/svg><\/a><\/div><\/div><\/div>\n<br \/>\n<span class=\"desc_videos\">Tuileries. Disputes d&rsquo;enfants apr\u00e8s jeux<\/span><br \/>\n[\/three_column_last]<\/p>\n","protected":false},"excerpt":{"rendered":"<p>[two_third_column]Quand un proche ami de Moussorgski, l\u2019artiste et architecte Victor Hartmann d\u00e9c\u00e9da subitement d\u2019une crise cardiaque, cela fut un choc, non seulement pour Moussorgski tout autant<span class=\"excerpt-hellip\"> [\u2026]<\/span><\/p>\n","protected":false},"author":9,"featured_media":0,"parent":0,"menu_order":0,"comment_status":"closed","ping_status":"open","template":"","meta":{"footnotes":""},"class_list":["post-4304","page","type-page","status-publish","hentry"],"_links":{"self":[{"href":"https:\/\/orchestrenouvellegeneration.com\/fr\/wp-json\/wp\/v2\/pages\/4304","targetHints":{"allow":["GET"]}}],"collection":[{"href":"https:\/\/orchestrenouvellegeneration.com\/fr\/wp-json\/wp\/v2\/pages"}],"about":[{"href":"https:\/\/orchestrenouvellegeneration.com\/fr\/wp-json\/wp\/v2\/types\/page"}],"author":[{"embeddable":true,"href":"https:\/\/orchestrenouvellegeneration.com\/fr\/wp-json\/wp\/v2\/users\/9"}],"replies":[{"embeddable":true,"href":"https:\/\/orchestrenouvellegeneration.com\/fr\/wp-json\/wp\/v2\/comments?post=4304"}],"version-history":[{"count":10,"href":"https:\/\/orchestrenouvellegeneration.com\/fr\/wp-json\/wp\/v2\/pages\/4304\/revisions"}],"predecessor-version":[{"id":4371,"href":"https:\/\/orchestrenouvellegeneration.com\/fr\/wp-json\/wp\/v2\/pages\/4304\/revisions\/4371"}],"wp:attachment":[{"href":"https:\/\/orchestrenouvellegeneration.com\/fr\/wp-json\/wp\/v2\/media?parent=4304"}],"curies":[{"name":"wp","href":"https:\/\/api.w.org\/{rel}","templated":true}]}}