{"id":4266,"date":"2014-04-23T13:31:57","date_gmt":"2014-04-23T13:31:57","guid":{"rendered":"https:\/\/orchestrenouvellegeneration.com\/?page_id=4266"},"modified":"2014-04-23T15:40:22","modified_gmt":"2014-04-23T15:40:22","slug":"press-releases","status":"publish","type":"page","link":"https:\/\/orchestrenouvellegeneration.com\/fr\/press-releases\/","title":{"rendered":"Communiqu\u00e9s"},"content":{"rendered":"<p><a href=\"https:\/\/orchestrenouvellegeneration.com\/newsletter\/communique_mars_2014.htm\">Chansons fran\u00e7aises<\/a> <em>(Mars 2014)<\/em><br \/>\n<a href=\"https:\/\/orchestrenouvellegeneration.com\/newsletter\/communique_jan_2014_FR.htm\">Violonchelo Espa\u00f1ol report\u00e9 au 8 novembre 2014<\/a> <em>(Janvier 2014)<\/em><br \/>\n<a href=\"https:\/\/orchestrenouvellegeneration.com\/newsletter\/communique_novembre_2013.htm\">F\u00eate Klezmer<\/a> <em>(Novembre 2013)<\/em><br \/>\n<a href=\"https:\/\/orchestrenouvellegeneration.com\/newsletter\/communique_saison_2013_14.htm\">Saison 2013 &#8211; 2014<\/a> <em>(Juin 2013)<\/em><br \/>\n<a href=\"https:\/\/orchestrenouvellegeneration.com\/newsletter\/press_release_june_2013.htm\">Natasha Turovsky au poste de directrice artistique<\/a> <em>(Juin 2013)<\/em><br \/>\n<a href=\"https:\/\/orchestrenouvellegeneration.com\/newsletter\/communique_mai2013.htm\">Un orchestre sur la toile<\/a> <em>(Mai 2013)<\/em><br \/>\n<a href=\"https:\/\/orchestrenouvellegeneration.com\/newsletter\/communique_mars_2013.htm\">Beethoven &#038; Rock<\/a> <em>(Mars 2013)<\/em><br \/>\n<a href=\"https:\/\/orchestrenouvellegeneration.com\/newsletter\/communique_jan_2013_3.htm\">Aurores bor\u00e9ales<\/a> <em>(Janvier 2013)<\/em><br \/>\n<a href=\"https:\/\/orchestrenouvellegeneration.com\/newsletter\/communique_jan_2013.htm\">D\u00e9c\u00e8s du violoncelliste et chef d&rsquo;orchestre Yuli Turovsky (1939-2013)<\/a> <em>(Janvier 2013)<\/em><br \/>\n<a href=\"https:\/\/orchestrenouvellegeneration.com\/newsletter\/communique_nov_2012.htm\">St\u00e9phane et ses amis<\/a> <em>(Novembre 2012)<\/em><br \/>\n<a href=\"https:\/\/orchestrenouvellegeneration.com\/newsletter\/communique_juillet_2012.htm\">Saison 2012 &#8211; 2013<\/a> <em>(Juillet 2012)<\/em><br \/>\n<a href=\"https:\/\/orchestrenouvellegeneration.com\/newsletter\/communique_june_2012.htm\">Yuli Turovsky investi de l&rsquo;Ordre du Canada<\/a> <em>(Juin 2012)<\/em><br \/>\n<a href=\"https:\/\/orchestrenouvellegeneration.com\/newsletter\/communique_mai14_2012.htm\">Tcha\u00efkovski et la virtuosit\u00e9 (2)<\/a> <em>(Mai 2012)<\/em><br \/>\n<a href=\"https:\/\/orchestrenouvellegeneration.com\/newsletter\/communique_mai_2012.htm\">Tcha\u00efkovski et la virtuosit\u00e9<\/a> <em>(Mai 2012)<\/em><br \/>\n<a href=\"https:\/\/orchestrenouvellegeneration.com\/newsletter\/communique_mars_2012_2.htm\">F\u00eate Tzigane<\/a> <em>(Mars 2012)<\/em><br \/>\n<a href=\"https:\/\/orchestrenouvellegeneration.com\/newsletter\/communique_mars_2012.htm\">Eleonora Turovsky &#8211; In memoriam<\/a> <em>(Mars 2012)<\/em><br \/>\n<a href=\"https:\/\/orchestrenouvellegeneration.com\/newsletter\/communique_jan_2012_2.htm\">Sc\u00e8ne d&rsquo;amour<\/a> <em>(Janvier 2012)<\/em><br \/>\n<a href=\"https:\/\/orchestrenouvellegeneration.com\/newsletter\/communique_jan_2012.htm\">Yuli Turovsky a \u00e9t\u00e9 nomm\u00e9 pour recevoir le titre d&rsquo;Officier de l&rsquo;Ordre du Canada<\/a> <em>(Janvier 2012)<\/em><br \/>\n<a href=\"https:\/\/orchestrenouvellegeneration.com\/newsletter\/communique_nov_2011.htm\">Les d\u00e9mons des bois de Vienne<\/a> <em>(Novembre 2011)<\/em><br \/>\n<a href=\"https:\/\/orchestrenouvellegeneration.com\/newsletter\/communique_oct_2011.htm\">Saison inaugurale 2011-2012<\/a> <em>(Octobre 2011)<\/em><\/p>\n","protected":false},"excerpt":{"rendered":"<p>Chansons fran\u00e7aises (Mars 2014) Violonchelo Espa\u00f1ol report\u00e9 au 8 novembre 2014 (Janvier 2014) F\u00eate Klezmer (Novembre 2013) Saison 2013 &#8211; 2014 (Juin 2013) Natasha Turovsky au<span class=\"excerpt-hellip\"> [\u2026]<\/span><\/p>\n","protected":false},"author":9,"featured_media":0,"parent":0,"menu_order":0,"comment_status":"closed","ping_status":"open","template":"","meta":{"footnotes":""},"class_list":["post-4266","page","type-page","status-publish","hentry"],"_links":{"self":[{"href":"https:\/\/orchestrenouvellegeneration.com\/fr\/wp-json\/wp\/v2\/pages\/4266","targetHints":{"allow":["GET"]}}],"collection":[{"href":"https:\/\/orchestrenouvellegeneration.com\/fr\/wp-json\/wp\/v2\/pages"}],"about":[{"href":"https:\/\/orchestrenouvellegeneration.com\/fr\/wp-json\/wp\/v2\/types\/page"}],"author":[{"embeddable":true,"href":"https:\/\/orchestrenouvellegeneration.com\/fr\/wp-json\/wp\/v2\/users\/9"}],"replies":[{"embeddable":true,"href":"https:\/\/orchestrenouvellegeneration.com\/fr\/wp-json\/wp\/v2\/comments?post=4266"}],"version-history":[{"count":6,"href":"https:\/\/orchestrenouvellegeneration.com\/fr\/wp-json\/wp\/v2\/pages\/4266\/revisions"}],"predecessor-version":[{"id":4274,"href":"https:\/\/orchestrenouvellegeneration.com\/fr\/wp-json\/wp\/v2\/pages\/4266\/revisions\/4274"}],"wp:attachment":[{"href":"https:\/\/orchestrenouvellegeneration.com\/fr\/wp-json\/wp\/v2\/media?parent=4266"}],"curies":[{"name":"wp","href":"https:\/\/api.w.org\/{rel}","templated":true}]}}