{"id":4020,"date":"2013-11-12T14:49:47","date_gmt":"2013-11-12T14:49:47","guid":{"rendered":"https:\/\/orchestrenouvellegeneration.com\/?page_id=4020"},"modified":"2013-11-12T14:49:55","modified_gmt":"2013-11-12T14:49:55","slug":"gagnant-du-concours-de-composition-2013","status":"publish","type":"page","link":"https:\/\/orchestrenouvellegeneration.com\/fr\/gagnant-du-concours-de-composition-2013\/","title":{"rendered":"Gagnant du Concours de Composition 2013"},"content":{"rendered":"<p><img loading=\"lazy\" decoding=\"async\" class=\"alignright  wp-image-4010\" style=\"margin-top: 1px; margin-left: 10px; margin-bottom: 10px; border-width: 1px; border-style: solid; border-color: #333;\" title=\"Adam Shugar\" src=\"https:\/\/orchestrenouvellegeneration.com\/wp-content\/uploads\/2013\/11\/adam_shugar_headshot1.jpg\" alt=\"\" width=\"216\" height=\"324\" srcset=\"https:\/\/orchestrenouvellegeneration.com\/wp-content\/uploads\/2013\/11\/adam_shugar_headshot1.jpg 270w, https:\/\/orchestrenouvellegeneration.com\/wp-content\/uploads\/2013\/11\/adam_shugar_headshot1-200x300.jpg 200w, https:\/\/orchestrenouvellegeneration.com\/wp-content\/uploads\/2013\/11\/adam_shugar_headshot1-266x400.jpg 266w, https:\/\/orchestrenouvellegeneration.com\/wp-content\/uploads\/2013\/11\/adam_shugar_headshot1-192x288.jpg 192w, https:\/\/orchestrenouvellegeneration.com\/wp-content\/uploads\/2013\/11\/adam_shugar_headshot1-166x250.jpg 166w\" sizes=\"auto, (max-width:767px) 216px, 216px\" \/>N\u00e9 en 1988 \u00e0 Montr\u00e9al, Qu\u00e9bec, Adam Shugar \u00e9quilibre une carri\u00e8re diversifi\u00e9e en tant que pianiste, compositeur et arrangeur. Ayant grandit \u00e0 Ottawa, il compl\u00e8te son baccalaur\u00e9at en piano classique \u00e0 l&rsquo;Universit\u00e9 de Montr\u00e9al ayant comme professeur, Daniel Moran. La polyvalence de Adam dans diff\u00e9rents styles de musique, comprenant la classique, le jazz, et le rock, lui permit de plonger constamment dans de nombreux projets. Il est \u00e9galement un guitariste accompli qui a jou\u00e9 avec plusieurs groupes dans la r\u00e9gion de Montr\u00e9al, y compris son propre trio Bolero, qui, en octobre 2012, a \u00e9t\u00e9 invit\u00e9 \u00e0 jouer \u00e0 S\u00e3o Paulo, au Br\u00e9sil lors du festival Red Bull Sounderground. Il a servi comme directeur musical\/chef d&rsquo;orchestre pour les com\u00e9dies musicales \u00e0 Montr\u00e9al, Ottawa et Winnipeg (Pippin, Bat Boy: The Musical, My Fair Lady), et plus r\u00e9cemment en avril 2013 pour le spectacle Station Campus 3 de MusiM\u00e9troMontr\u00e9al au Caf\u00e9 Campus avec la participation de plusieurs membres du groupe qu\u00e9b\u00e9cois Les Colocs.<\/p>\n<p>La musique de Adam peut \u00eatre entendue dans diverses formes de m\u00e9dias, telles que des applications iPhone (Big Questions with Ira Glass, 2012), films (The Museum of Arts, r\u00e9alisateur M. Corriveau, 2012; Perfect, r\u00e9al. K. Ayari, 2013) et publicitaires (Red Bull Sounderground Festival 2012).<\/p>\n<p><em>Hanukkah Overture<\/em> f\u00fbt sa premi\u00e8re composition pour clarinette et orchestre \u00e0 cordes.<\/p>\n<p>&#8212;&#8212;&#8212;&#8212;&#8212;<br \/>\n<em><strong>Hanukkah Overture<\/strong><\/em> a \u00e9t\u00e9 inspir\u00e9 par les souvenirs de mon premier Hanoucca avec ma grand-m\u00e8re et la famille. L&rsquo;\u00e9criture de cette pi\u00e8ce a \u00e9t\u00e9 une exp\u00e9rience \u00e0 la fois extraordinaire et nostalgique. La pi\u00e8ce se divise en quatre sections et am\u00e8ne l&rsquo;auditeur \u00e0 vivre diff\u00e9rents moments au cours de cette F\u00eate des Lumi\u00e8res. <\/p>\n<p><em>\u00ab L&rsquo;allumage de la Hanoukkia \u00bb<\/em> est la premi\u00e8re partie, symbolisant la lumi\u00e8re chatoyante des bougies et la lueur chaleureuse de la Hanoukkia. <em>\u00ab Ma&rsquo;oz Tzur \u00bb<\/em> (Rocher puissant) est traditionnellement chant\u00e9 apr\u00e8s l&rsquo;allumage des bougies. Alors que l&rsquo;hymne \u00e0 utilis\u00e9 de nombreuses m\u00e9lodies diff\u00e9rentes au cours des sept ou huit cents derni\u00e8res ann\u00e9es, j&rsquo;ai adapt\u00e9 une m\u00e9lodie qui est apparue d\u00e8s 1450. <em>\u00ab Gelt et l&rsquo;\u00e9change des cadeaux \u00bb<\/em> suit, o\u00f9 les cadeaux sont joyeusement \u00e9chang\u00e9s entre parents et enfants qui re\u00e7oivent traditionnellement le chocolat d\u00e9licieux en forme de pi\u00e8ces de monnaie. Enfin, il est temps de jouer avec <em>\u00ab Le Dreidel \u00bb<\/em>, le jeu populaire qui implique une toupie et une collection de pi\u00e8ces de jeu au centre de la table. La musique refl\u00e8te le virevoltant du Dreidel et le rythme rapide du jeu.<\/p>\n","protected":false},"excerpt":{"rendered":"<p>N\u00e9 en 1988 \u00e0 Montr\u00e9al, Qu\u00e9bec, Adam Shugar \u00e9quilibre une carri\u00e8re diversifi\u00e9e en tant que pianiste, compositeur et arrangeur. Ayant grandit \u00e0 Ottawa, il compl\u00e8te son<span class=\"excerpt-hellip\"> [\u2026]<\/span><\/p>\n","protected":false},"author":9,"featured_media":0,"parent":0,"menu_order":0,"comment_status":"closed","ping_status":"open","template":"","meta":{"footnotes":""},"class_list":["post-4020","page","type-page","status-publish","hentry"],"_links":{"self":[{"href":"https:\/\/orchestrenouvellegeneration.com\/fr\/wp-json\/wp\/v2\/pages\/4020","targetHints":{"allow":["GET"]}}],"collection":[{"href":"https:\/\/orchestrenouvellegeneration.com\/fr\/wp-json\/wp\/v2\/pages"}],"about":[{"href":"https:\/\/orchestrenouvellegeneration.com\/fr\/wp-json\/wp\/v2\/types\/page"}],"author":[{"embeddable":true,"href":"https:\/\/orchestrenouvellegeneration.com\/fr\/wp-json\/wp\/v2\/users\/9"}],"replies":[{"embeddable":true,"href":"https:\/\/orchestrenouvellegeneration.com\/fr\/wp-json\/wp\/v2\/comments?post=4020"}],"version-history":[{"count":5,"href":"https:\/\/orchestrenouvellegeneration.com\/fr\/wp-json\/wp\/v2\/pages\/4020\/revisions"}],"predecessor-version":[{"id":4025,"href":"https:\/\/orchestrenouvellegeneration.com\/fr\/wp-json\/wp\/v2\/pages\/4020\/revisions\/4025"}],"wp:attachment":[{"href":"https:\/\/orchestrenouvellegeneration.com\/fr\/wp-json\/wp\/v2\/media?parent=4020"}],"curies":[{"name":"wp","href":"https:\/\/api.w.org\/{rel}","templated":true}]}}