{"id":3991,"date":"2013-11-09T21:59:37","date_gmt":"2013-11-09T21:59:37","guid":{"rendered":"https:\/\/orchestrenouvellegeneration.com\/?page_id=3991"},"modified":"2013-11-09T21:59:37","modified_gmt":"2013-11-09T21:59:37","slug":"8-decembre-2013","status":"publish","type":"page","link":"https:\/\/orchestrenouvellegeneration.com\/fr\/8-decembre-2013\/","title":{"rendered":"8 d\u00e9cembre 2013"},"content":{"rendered":"<p>[two_third_column]Concert qui se tiendra dans le cadre de La Saison Culturelle S\u00e9farad de Montr\u00e9al 2013. Un concert qui fera voyager \u00e0 travers les continents pour toucher votre sensibilit\u00e9 et pour le plaisir de l&rsquo;oreille.<\/p>\n<p><strong>Musique traditionnelle klezmer<\/strong> avec l&rsquo;ensemble <strong><a href=\"http:\/\/www.kleztory.com\/\" target=\"_blank\">KLEZTORY<\/a><\/strong><\/p>\n<p><strong>Raquel Sultan<\/strong>, soprano<\/p>\n<p><strong>Airat Ichmouratov<\/strong>, chef d&rsquo;orchestre[\/two_third_column]<\/p>\n<p>[three_column_last]<\/p>\n<div id=\"attachment_3452\" style=\"width: 310px\" class=\"wp-caption alignleft\"><img loading=\"lazy\" decoding=\"async\" aria-describedby=\"caption-attachment-3452\" class=\"alignleft size-full wp-image-3452\" style=\"margin-top: 1px; border-width: 1px; border-style: solid; border-color: #333;\" title=\"Kleztory\" src=\"https:\/\/orchestrenouvellegeneration.com\/wp-content\/uploads\/2013\/05\/kleztory_2013sm.jpg\" alt=\"\" width=\"300\" height=\"200\" srcset=\"https:\/\/orchestrenouvellegeneration.com\/wp-content\/uploads\/2013\/05\/kleztory_2013sm.jpg 300w, https:\/\/orchestrenouvellegeneration.com\/wp-content\/uploads\/2013\/05\/kleztory_2013sm-288x192.jpg 288w, https:\/\/orchestrenouvellegeneration.com\/wp-content\/uploads\/2013\/05\/kleztory_2013sm-250x166.jpg 250w\" sizes=\"auto, (max-width:767px) 300px, 300px\" \/><p id=\"caption-attachment-3452\" class=\"wp-caption-text\">Ensemble Kleztory<\/p><\/div>\n<p>[\/three_column_last]<\/p>\n","protected":false},"excerpt":{"rendered":"<p>[two_third_column]Concert qui se tiendra dans le cadre de La Saison Culturelle S\u00e9farad de Montr\u00e9al 2013. Un concert qui fera voyager \u00e0 travers les continents pour toucher<span class=\"excerpt-hellip\"> [\u2026]<\/span><\/p>\n","protected":false},"author":9,"featured_media":0,"parent":0,"menu_order":7,"comment_status":"closed","ping_status":"open","template":"","meta":{"footnotes":""},"class_list":["post-3991","page","type-page","status-publish","hentry"],"_links":{"self":[{"href":"https:\/\/orchestrenouvellegeneration.com\/fr\/wp-json\/wp\/v2\/pages\/3991","targetHints":{"allow":["GET"]}}],"collection":[{"href":"https:\/\/orchestrenouvellegeneration.com\/fr\/wp-json\/wp\/v2\/pages"}],"about":[{"href":"https:\/\/orchestrenouvellegeneration.com\/fr\/wp-json\/wp\/v2\/types\/page"}],"author":[{"embeddable":true,"href":"https:\/\/orchestrenouvellegeneration.com\/fr\/wp-json\/wp\/v2\/users\/9"}],"replies":[{"embeddable":true,"href":"https:\/\/orchestrenouvellegeneration.com\/fr\/wp-json\/wp\/v2\/comments?post=3991"}],"version-history":[{"count":5,"href":"https:\/\/orchestrenouvellegeneration.com\/fr\/wp-json\/wp\/v2\/pages\/3991\/revisions"}],"predecessor-version":[{"id":4001,"href":"https:\/\/orchestrenouvellegeneration.com\/fr\/wp-json\/wp\/v2\/pages\/3991\/revisions\/4001"}],"wp:attachment":[{"href":"https:\/\/orchestrenouvellegeneration.com\/fr\/wp-json\/wp\/v2\/media?parent=3991"}],"curies":[{"name":"wp","href":"https:\/\/api.w.org\/{rel}","templated":true}]}}