{"id":3943,"date":"2013-08-25T17:36:26","date_gmt":"2013-08-25T17:36:26","guid":{"rendered":"https:\/\/orchestrenouvellegeneration.com\/?page_id=3943"},"modified":"2014-09-26T14:51:37","modified_gmt":"2014-09-26T14:51:37","slug":"concours-de-composition","status":"publish","type":"page","link":"https:\/\/orchestrenouvellegeneration.com\/fr\/concours-de-composition\/","title":{"rendered":"Concours de composition"},"content":{"rendered":"<p>L\u2019Orchestre de chambre Nouvelle G\u00e9n\u00e9ration est heureux d&rsquo;inviter les jeunes compositeurs \u00e2g\u00e9s de moins de 35 ans et de toutes nationalit\u00e9s, \u00e0 soumettre une \u0153uvre nouvelle sur le th\u00e8me \u00ab Les danses du monde \u00bb.<\/p>\n<p>L\u2019\u0153uvre gagnante sera interpr\u00e9t\u00e9e par l\u2019Orchestre de chambre Nouvelle G\u00e9n\u00e9ration lors de son concert du samedi 24 janvier 2015 \u00e0 la Salle Claude-Champagne de Montr\u00e9al au Canada, et intitul\u00e9e <em><a title=\"24 Janvier 2015\" href=\"https:\/\/orchestrenouvellegeneration.com\/?page_id=4408&amp;lang=fr\">\u00ab Les saisons de Piazzolla et les danses du monde \u00bb<\/a><\/em>. * Le laur\u00e9at recevra un enregistrement professionnel de son \u0153uvre quelques semaines apr\u00e8s le concert.<\/p>\n<p><strong>Les conditions requises :<\/strong><\/p>\n<ol>\n<li>La dur\u00e9e de l\u2019oeuvre doit varier entre 7 et 10 minutes.<\/li>\n<li>L&rsquo;instrumentation est celle d\u2019un orchestre \u00e0 cordes (4+4+3+2+1). Une clarinette solo pourrait y \u00eatre ajout\u00e9e.<\/li>\n<li>L\u2019\u0153uvre doit respecter le th\u00e8me de la danse et en comporter des \u00e9l\u00e9ments. La composition pourrait \u00e9galement comporter des \u00e9l\u00e9ments provenant d\u2019un ou plusieurs types de danses ethniques existants.<\/li>\n<\/ol>\n<p><strong>Les exigences et les principes de base :<\/strong><\/p>\n<ul style=\"list-style: disc outside none;\">\n<ul style=\"list-style: disc outside none;\">\n<li>Les \u0153uvres doivent \u00eatre in\u00e9dites (non publi\u00e9es et non jou\u00e9es).<\/li>\n<li>Les compositeurs doivent avoir au maximum 35 ans au 1er janvier 2015.<\/li>\n<li>Une seule \u0153uvre par compositeur.<\/li>\n<li>Deux copies imprim\u00e9es et reli\u00e9es de la partition doivent \u00eatre soumises. Le nom du compositeur, le titre et la dur\u00e9e de l\u2019\u0153uvre doivent \u00eatre clairement indiqu\u00e9s.<\/li>\n<li>Un enregistrement de l\u2019\u0153uvre soumise (fichier MP3, AIFF, MIDI ou WAV sur CD) doit \u00eatre joint \u00e0 la partition.<\/li>\n<li>Le <a title=\"Concours de composition - Formulaire d'inscription\" href=\"https:\/\/orchestrenouvellegeneration.com\/wp-content\/uploads\/2014\/09\/Concours-de-composition-Orchestre-Nouvelle-Generation-2014-2015-Francais.pdf\" target=\"_blank\"><strong>FORMULAIRE D&rsquo;INSCRIPTION<\/strong><\/a> doit \u00eatre rempli et inclus avec votre soumission.<\/li>\n<li>Le mat\u00e9riel soumis doit \u00eatre envoy\u00e9 par la poste. Si un formulaire de douane est requis, veuillez indiquer sur l\u2019emballage qu\u2019il ne contient que des documents promotionnels et aucune marchandise commerciale.<\/li>\n<li>Tous les documents relativement \u00e0 ce concours doivent \u00eatre adress\u00e9s aupr\u00e8s de :<\/li>\n<\/ul>\n<\/ul>\n<blockquote><p>CORE Business Centre<br \/>\nAttention: Orchestre Nouvelle G\u00e9n\u00e9ration<br \/>\n5764 avenue Monkland<br \/>\nMontr\u00e9al (QC) H4A 1E9<br \/>\nCanada<\/p><\/blockquote>\n<p><strong>DATE LIMITE DU CONCOURS<\/strong><br \/>\nLes documents doivent \u00eatre re\u00e7us au plus tard le <strong>15 d\u00e9cembre 2014<\/strong>.<\/p>\n<p><strong>FRAIS DE PARTICIPATION<\/strong><br \/>\nAucun.<\/p>\n<p><strong>S\u00c9LECTION<\/strong><\/p>\n<ul style=\"list-style: disc outside none;\">\n<li>Le gagnant sera avis\u00e9 au plus tard le <strong>22 d\u00e9cembre 2014<\/strong>.<\/li>\n<li>Le gagnant sera tenu de fournir les partitions d&rsquo;orchestre au plus tard le <strong>5 janvier 2015<\/strong>.<\/li>\n<li>La pr\u00e9sence du compositeur gagnant \u00e0 la performance de l\u2019\u0153uvre serait appr\u00e9ci\u00e9e, mais non obligatoire. Un enregistrement professionnel de la performance sera remis au compositeur sur format CD et\/ou DVD.<br \/>\n*Veuillez noter que cet enregistrement est r\u00e9serv\u00e9 uniquement \u00e0 un usage promotionnel.<\/li>\n<li>Retour de votre partition:<br \/>\nSi vous souhaitez que votre partition et CD vous soient retourn\u00e9s, veuillez joindre une enveloppe-r\u00e9ponse avec l&rsquo;affranchissement suffisant du Canada.<\/li>\n<li>Le compositeur conserve tous ses droits d&rsquo;auteur.<\/li>\n<\/ul>\n<p>Pour tout renseignement suppl\u00e9mentaire, veuillez nous contacter au <a href=\"mailto:info@orchestrenouvellegeneration.com\">info@orchestrenouvellegeneration.com<\/a>.<\/p>\n<p><strong>Bon Succ\u00e8s!<\/strong><\/p>\n<p><a title=\"Concours de composition - Formulaire d'inscription\" href=\"https:\/\/orchestrenouvellegeneration.com\/wp-content\/uploads\/2014\/09\/Concours-de-composition-Orchestre-Nouvelle-Generation-2014-2015-Francais.pdf\" target=\"_blank\"><strong>\u00bb\u00bb T\u00e9l\u00e9charger le formulaire d&rsquo;inscription<\/strong><\/a> (PDF)<\/p>\n<p><strong><span style=\"color: #ff0000;\">* Les gagnants des ann\u00e9es pr\u00e9c\u00e9dentes ne peuvent se pr\u00e9senter de nouveau.<\/span><\/strong><\/p>\n","protected":false},"excerpt":{"rendered":"<p>L\u2019Orchestre de chambre Nouvelle G\u00e9n\u00e9ration est heureux d&rsquo;inviter les jeunes compositeurs \u00e2g\u00e9s de moins de 35 ans et de toutes nationalit\u00e9s, \u00e0 soumettre une \u0153uvre nouvelle<span class=\"excerpt-hellip\"> [\u2026]<\/span><\/p>\n","protected":false},"author":9,"featured_media":0,"parent":0,"menu_order":0,"comment_status":"closed","ping_status":"open","template":"","meta":{"footnotes":""},"class_list":["post-3943","page","type-page","status-publish","hentry"],"_links":{"self":[{"href":"https:\/\/orchestrenouvellegeneration.com\/fr\/wp-json\/wp\/v2\/pages\/3943","targetHints":{"allow":["GET"]}}],"collection":[{"href":"https:\/\/orchestrenouvellegeneration.com\/fr\/wp-json\/wp\/v2\/pages"}],"about":[{"href":"https:\/\/orchestrenouvellegeneration.com\/fr\/wp-json\/wp\/v2\/types\/page"}],"author":[{"embeddable":true,"href":"https:\/\/orchestrenouvellegeneration.com\/fr\/wp-json\/wp\/v2\/users\/9"}],"replies":[{"embeddable":true,"href":"https:\/\/orchestrenouvellegeneration.com\/fr\/wp-json\/wp\/v2\/comments?post=3943"}],"version-history":[{"count":24,"href":"https:\/\/orchestrenouvellegeneration.com\/fr\/wp-json\/wp\/v2\/pages\/3943\/revisions"}],"predecessor-version":[{"id":4990,"href":"https:\/\/orchestrenouvellegeneration.com\/fr\/wp-json\/wp\/v2\/pages\/3943\/revisions\/4990"}],"wp:attachment":[{"href":"https:\/\/orchestrenouvellegeneration.com\/fr\/wp-json\/wp\/v2\/media?parent=3943"}],"curies":[{"name":"wp","href":"https:\/\/api.w.org\/{rel}","templated":true}]}}