{"id":3717,"date":"2013-06-26T19:36:17","date_gmt":"2013-06-26T19:36:17","guid":{"rendered":"https:\/\/orchestrenouvellegeneration.com\/?page_id=3717"},"modified":"2021-03-12T14:58:13","modified_gmt":"2021-03-12T14:58:13","slug":"un-mot-de-natasha-2014-2015","status":"publish","type":"page","link":"https:\/\/orchestrenouvellegeneration.com\/fr\/un-mot-de-natasha-2014-2015\/","title":{"rendered":"Un mot de Natasha"},"content":{"rendered":"<div class=\"wpb-content-wrapper\"><p>[vc_row][vc_column width=\u00a0\u00bb1\/4&Prime;][vc_single_image image=\u00a0\u00bb7387&Prime; img_size=\u00a0\u00bbfull\u00a0\u00bb add_caption=\u00a0\u00bbyes\u00a0\u00bb alignment=\u00a0\u00bbcenter\u00a0\u00bb onclick=\u00a0\u00bblink_image\u00a0\u00bb][\/vc_column][vc_column width=\u00a0\u00bb3\/4&Prime;][vc_column_text]Aimez-vous la science-fiction ?<\/p>\n<p>Pour ma part, je n\u2019en \u00e9tais pas une grande admiratrice jusqu\u2019\u00e0 ce qu\u2019il y a quelques ann\u00e9es, je d\u00e9couvre l\u2019auteur russe Sergey Lukyanenko. N\u00e9anmoins, je ne suis pas tant friande d\u2019histoires sur d\u2019autres galaxies ou des extraterrestres cherchant ou non \u00e0 nous d\u00e9truire, mais plut\u00f4t celles sur des mondes parall\u00e8les.<\/p>\n<p>En travaillant sur la programmation de notre saison 2014-2015, en \u00e9coutant les chefs-d\u2019\u0153uvre de diff\u00e9rentes \u00e9poques, j\u2019ai commenc\u00e9 \u00e0 me demander : et si l\u2019histoire n\u2019\u00e9tait pas lin\u00e9aire mais horizontale ? Si toutes les \u00e9poques pass\u00e9es, pr\u00e9sentes et futures coexistaient. Comment expliquer que la grande musique \u00e9crite en 1714, 1880 ou 1917 soit toujours aussi pertinente aujourd\u2019hui qu\u2019\u00e0 l\u2019\u00e9poque ?<\/p>\n<p>Lors de notre derni\u00e8re saison, nous vous avons invit\u00e9 \u00e0 nous joindre dans un voyage aux quatre coins du monde. Pour notre quatri\u00e8me saison, nous vous invitons \u00e0 voyager dans le temps, en usant de votre si\u00e8ge de la salle Claude-Champagne comme d\u2019un portail temporel !<\/p>\n<p>Notre voyage s\u2019amorcera en 1721 avec un concerto brandebourgeois de Bach et se terminera en 2015 avec le nouvel op\u00e9ra d\u2019Airat Ichmouratov : <em>\u00c0 propos de la neige fondante<\/em>.<\/p>\n<p>Nul besoin de vous encombrer, prenez simplement votre parapluie pour notre travers\u00e9e des quatre saisons de Buenos Aires de Piazzolla; des souliers de danse, car nous allons sautiller dans l\u2019Europe du d\u00e9but du si\u00e8cle dernier \u00e0 la mesure de danses arm\u00e9niennes, roumaines et grecques; une paire de mitaines et une \u00e9charpe en laine \u2014 le mois de mars \u00e9tant plut\u00f4t frisquet dans la Russie du XIXe si\u00e8cle \u2014 ; et bien entendu des lunettes de soleil pour notre escapade espagnole.<\/p>\n<p>Nous avons tr\u00e8s h\u00e2te de faire ce voyage de 294 ann\u00e9es en votre compagnie. Bouclez vos ceintures !<\/p>\n<p align=\"center\"><img decoding=\"async\" src=\"https:\/\/orchestrenouvellegeneration.com\/wp-content\/uploads\/2013\/06\/signature_NT_FR.gif\" alt=\"\" \/><\/p>\n<p>[\/vc_column_text][\/vc_column][\/vc_row][vc_row][vc_column][vc_column_text]<strong>Lire les mots pr\u00e9c\u00e9dents<\/strong><\/p>\n<p><em><a href=\"\/fr\/un-mot-de-natasha-2018-2019\/\">Mot 2018-2019<\/a><\/em><br \/>\n<em><a href=\"\/fr\/un-mot-de-natasha-2017-2018\/\">Mot 2017-2018<\/a><\/em><br \/>\n<em><a href=\"\/fr\/un-mot-de-natasha-2016-2017\/\">Mot 2016-2017<\/a><\/em><br \/>\n<em><a href=\"\/fr\/un-mot-de-natasha-2015-2016\/\">Mot 2015-2016<\/a><\/em><br \/>\n<em><a href=\"\/fr\/un-mot-de-natasha-2014-2015\/\">Mot 2014-2015<\/a><\/em>[\/vc_column_text][\/vc_column][\/vc_row]<\/p>\n<\/div>","protected":false},"excerpt":{"rendered":"<p>[vc_row][vc_column width=\u00a0\u00bb1\/4&Prime;][vc_single_image image=\u00a0\u00bb7387&Prime; img_size=\u00a0\u00bbfull\u00a0\u00bb add_caption=\u00a0\u00bbyes\u00a0\u00bb alignment=\u00a0\u00bbcenter\u00a0\u00bb onclick=\u00a0\u00bblink_image\u00a0\u00bb][\/vc_column][vc_column width=\u00a0\u00bb3\/4&Prime;][vc_column_text]Aimez-vous la science-fiction ? Pour ma part, je n\u2019en \u00e9tais pas une grande admiratrice jusqu\u2019\u00e0 ce qu\u2019il y a<span class=\"excerpt-hellip\"> [\u2026]<\/span><\/p>\n","protected":false},"author":9,"featured_media":0,"parent":0,"menu_order":0,"comment_status":"closed","ping_status":"open","template":"","meta":{"footnotes":""},"class_list":["post-3717","page","type-page","status-publish","hentry"],"_links":{"self":[{"href":"https:\/\/orchestrenouvellegeneration.com\/fr\/wp-json\/wp\/v2\/pages\/3717","targetHints":{"allow":["GET"]}}],"collection":[{"href":"https:\/\/orchestrenouvellegeneration.com\/fr\/wp-json\/wp\/v2\/pages"}],"about":[{"href":"https:\/\/orchestrenouvellegeneration.com\/fr\/wp-json\/wp\/v2\/types\/page"}],"author":[{"embeddable":true,"href":"https:\/\/orchestrenouvellegeneration.com\/fr\/wp-json\/wp\/v2\/users\/9"}],"replies":[{"embeddable":true,"href":"https:\/\/orchestrenouvellegeneration.com\/fr\/wp-json\/wp\/v2\/comments?post=3717"}],"version-history":[{"count":20,"href":"https:\/\/orchestrenouvellegeneration.com\/fr\/wp-json\/wp\/v2\/pages\/3717\/revisions"}],"predecessor-version":[{"id":8164,"href":"https:\/\/orchestrenouvellegeneration.com\/fr\/wp-json\/wp\/v2\/pages\/3717\/revisions\/8164"}],"wp:attachment":[{"href":"https:\/\/orchestrenouvellegeneration.com\/fr\/wp-json\/wp\/v2\/media?parent=3717"}],"curies":[{"name":"wp","href":"https:\/\/api.w.org\/{rel}","templated":true}]}}