{"id":3385,"date":"2013-06-06T04:35:30","date_gmt":"2013-06-06T04:35:30","guid":{"rendered":"https:\/\/orchestrenouvellegeneration.com\/?page_id=3385"},"modified":"2021-03-06T03:50:56","modified_gmt":"2021-03-06T03:50:56","slug":"7-juin-2014","status":"publish","type":"page","link":"https:\/\/orchestrenouvellegeneration.com\/fr\/saison-2013-2014\/7-juin-2014\/","title":{"rendered":"TABLEAUX DANSANTS"},"content":{"rendered":"<div class=\"wpb-content-wrapper\"><p>[vc_row][vc_column width=\u00a0\u00bb3\/4&Prime;][vc_column_text]<strong>Venez c\u00e9l\u00e9brer, avec nous, l\u2019anniversaire de notre fondateur, Yuli Turovsky!<\/strong><\/p>\n<p>Pour clore ce magnifique voyage musical, laissez-vous transporter vers les mondes mythiques de Tcha\u00efkovski, Dvo\u0159\u00e1k et Moussorgski. Nos trois chefs, Airat, Alain et St\u00e9phane, vous proposent des oeuvres romantiques qui sauront vous faire r\u00eaver. Au m\u00eame programme, les <em>Tableaux d&rsquo;une Exposition &#8211; Tableaux Dansants<\/em> de Natasha Turovsky. Une fin de saison \u00e0 ne pas manquer!<\/p>\n<p><strong>Piotr Ilitch Tcha\u00efkovski<\/strong> (1840 \u2013 1893)<br \/>\nAndante cantabile<br \/>\n<em>(Extrait du Quatuor \u00e0 cordes n\u00b0 1 en r\u00e9 majeur, op. 11)<\/em><br \/>\nAlain Aubut, chef<\/p>\n<p><strong>Anton\u00edn Dvor\u00e1k<\/strong> (1841 \u2013 1904)<br \/>\nS\u00e9r\u00e9nade pour cordes en mi majeur, opus 22<br \/>\nSt\u00e9phane T\u00e9treault, chef<\/p>\n<p><strong>Modeste Moussorgski<\/strong><br \/>\nTableaux d&rsquo;une exposition<br \/>\n(<em>Les tableaux dansants<\/em> de Natasha Turovsky)<br \/>\nAirat Ichmouratov, chef[\/vc_column_text][\/vc_column][vc_column width=\u00a0\u00bb1\/4&Prime;][vc_single_image image=\u00a0\u00bb7595&Prime; img_size=\u00a0\u00bbfull\u00a0\u00bb add_caption=\u00a0\u00bbyes\u00a0\u00bb onclick=\u00a0\u00bblink_image\u00a0\u00bb][vc_single_image image=\u00a0\u00bb7554&Prime; img_size=\u00a0\u00bbfull\u00a0\u00bb add_caption=\u00a0\u00bbyes\u00a0\u00bb onclick=\u00a0\u00bblink_image\u00a0\u00bb][vc_single_image image=\u00a0\u00bb7549&Prime; img_size=\u00a0\u00bbfull\u00a0\u00bb add_caption=\u00a0\u00bbyes\u00a0\u00bb onclick=\u00a0\u00bblink_image\u00a0\u00bb][\/vc_column][\/vc_row]<\/p>\n<\/div>","protected":false},"excerpt":{"rendered":"<p>[vc_row][vc_column width=\u00a0\u00bb3\/4&Prime;][vc_column_text]Venez c\u00e9l\u00e9brer, avec nous, l\u2019anniversaire de notre fondateur, Yuli Turovsky! Pour clore ce magnifique voyage musical, laissez-vous transporter vers les mondes mythiques de Tcha\u00efkovski, Dvo\u0159\u00e1k<span class=\"excerpt-hellip\"> [\u2026]<\/span><\/p>\n","protected":false},"author":9,"featured_media":0,"parent":3353,"menu_order":4,"comment_status":"closed","ping_status":"closed","template":"","meta":{"footnotes":""},"class_list":["post-3385","page","type-page","status-publish","hentry"],"_links":{"self":[{"href":"https:\/\/orchestrenouvellegeneration.com\/fr\/wp-json\/wp\/v2\/pages\/3385","targetHints":{"allow":["GET"]}}],"collection":[{"href":"https:\/\/orchestrenouvellegeneration.com\/fr\/wp-json\/wp\/v2\/pages"}],"about":[{"href":"https:\/\/orchestrenouvellegeneration.com\/fr\/wp-json\/wp\/v2\/types\/page"}],"author":[{"embeddable":true,"href":"https:\/\/orchestrenouvellegeneration.com\/fr\/wp-json\/wp\/v2\/users\/9"}],"replies":[{"embeddable":true,"href":"https:\/\/orchestrenouvellegeneration.com\/fr\/wp-json\/wp\/v2\/comments?post=3385"}],"version-history":[{"count":35,"href":"https:\/\/orchestrenouvellegeneration.com\/fr\/wp-json\/wp\/v2\/pages\/3385\/revisions"}],"predecessor-version":[{"id":8111,"href":"https:\/\/orchestrenouvellegeneration.com\/fr\/wp-json\/wp\/v2\/pages\/3385\/revisions\/8111"}],"up":[{"embeddable":true,"href":"https:\/\/orchestrenouvellegeneration.com\/fr\/wp-json\/wp\/v2\/pages\/3353"}],"wp:attachment":[{"href":"https:\/\/orchestrenouvellegeneration.com\/fr\/wp-json\/wp\/v2\/media?parent=3385"}],"curies":[{"name":"wp","href":"https:\/\/api.w.org\/{rel}","templated":true}]}}