{"id":3381,"date":"2013-06-06T04:36:27","date_gmt":"2013-06-06T04:36:27","guid":{"rendered":"https:\/\/orchestrenouvellegeneration.com\/?page_id=3381"},"modified":"2021-03-06T03:47:15","modified_gmt":"2021-03-06T03:47:15","slug":"29-mars-2014","status":"publish","type":"page","link":"https:\/\/orchestrenouvellegeneration.com\/fr\/saison-2013-2014\/29-mars-2014\/","title":{"rendered":"CHANSONS FRAN\u00c7AISES"},"content":{"rendered":"<div class=\"wpb-content-wrapper\"><p>[vc_row][vc_column][vc_column_text]Apr\u00e8s l&rsquo;Espagne, laissez-vous charmer par la beaut\u00e9 et la d\u00e9licatesse de la musique fran\u00e7aise. Le quatuor \u00e0 cordes et la rhapsodie pour violon <em>Tzigane<\/em> de Ravel sauront vous immerger dans le monde de ce grand compositeur \u00e9clectique. Et, pour terminer la soir\u00e9e, chantez avec nous sur les plus belles m\u00e9lodies de la chanson fran\u00e7aise, dont celles de Piaf, Brel et Aznavour. Ah, Paris&#8230;<\/p>\n<p><strong>Maurice Ravel<\/strong> (1875 \u2013 1937)<br \/>\nQuatuor \u00e0 cordes en fa majeur, opus 35<br \/>\n<em>(arr. pour orchestre \u00e0 cordes)<\/em><\/p>\n<p>Tzigane<br \/>\nPremi\u00e8re mondiale d&rsquo;un arrangement pour violon, cymbalum et orchestre \u00e0 cordes<br \/>\n<em>(arr. Aleksey Shegolev)<\/em><br \/>\n<strong>Robert Margaryan<\/strong>, violon<br \/>\n<strong>Alexandru Sura<\/strong>, cymbalum<\/p>\n<p>Hommage \u00e0 la chanson fran\u00e7aise avec<br \/>\nBREL, PIAF, AZNAVOUR&#8230;<\/p>\n<p><strong>Alain Aubut<\/strong>, direction musicale<br \/>\n<strong>Natalie Choquette<\/strong>, soprano[\/vc_column_text][\/vc_column][\/vc_row][vc_row][vc_column width=\u00a0\u00bb1\/4&Prime;][vc_single_image image=\u00a0\u00bb7595&Prime; img_size=\u00a0\u00bbfull\u00a0\u00bb add_caption=\u00a0\u00bbyes\u00a0\u00bb onclick=\u00a0\u00bblink_image\u00a0\u00bb][\/vc_column][vc_column width=\u00a0\u00bb1\/4&Prime;][vc_single_image image=\u00a0\u00bb7427&Prime; img_size=\u00a0\u00bbfull\u00a0\u00bb add_caption=\u00a0\u00bbyes\u00a0\u00bb onclick=\u00a0\u00bblink_image\u00a0\u00bb][\/vc_column][vc_column width=\u00a0\u00bb1\/4&Prime;][vc_single_image image=\u00a0\u00bb7231&Prime; img_size=\u00a0\u00bbfull\u00a0\u00bb add_caption=\u00a0\u00bbyes\u00a0\u00bb onclick=\u00a0\u00bblink_image\u00a0\u00bb][\/vc_column][vc_column width=\u00a0\u00bb1\/4&Prime;][vc_single_image image=\u00a0\u00bb7560&Prime; img_size=\u00a0\u00bbfull\u00a0\u00bb add_caption=\u00a0\u00bbyes\u00a0\u00bb onclick=\u00a0\u00bblink_image\u00a0\u00bb][\/vc_column][\/vc_row]<\/p>\n<\/div>","protected":false},"excerpt":{"rendered":"<p>[vc_row][vc_column][vc_column_text]Apr\u00e8s l&rsquo;Espagne, laissez-vous charmer par la beaut\u00e9 et la d\u00e9licatesse de la musique fran\u00e7aise. Le quatuor \u00e0 cordes et la rhapsodie pour violon Tzigane de Ravel<span class=\"excerpt-hellip\"> [\u2026]<\/span><\/p>\n","protected":false},"author":9,"featured_media":0,"parent":3353,"menu_order":3,"comment_status":"closed","ping_status":"closed","template":"","meta":{"footnotes":""},"class_list":["post-3381","page","type-page","status-publish","hentry"],"_links":{"self":[{"href":"https:\/\/orchestrenouvellegeneration.com\/fr\/wp-json\/wp\/v2\/pages\/3381","targetHints":{"allow":["GET"]}}],"collection":[{"href":"https:\/\/orchestrenouvellegeneration.com\/fr\/wp-json\/wp\/v2\/pages"}],"about":[{"href":"https:\/\/orchestrenouvellegeneration.com\/fr\/wp-json\/wp\/v2\/types\/page"}],"author":[{"embeddable":true,"href":"https:\/\/orchestrenouvellegeneration.com\/fr\/wp-json\/wp\/v2\/users\/9"}],"replies":[{"embeddable":true,"href":"https:\/\/orchestrenouvellegeneration.com\/fr\/wp-json\/wp\/v2\/comments?post=3381"}],"version-history":[{"count":30,"href":"https:\/\/orchestrenouvellegeneration.com\/fr\/wp-json\/wp\/v2\/pages\/3381\/revisions"}],"predecessor-version":[{"id":8108,"href":"https:\/\/orchestrenouvellegeneration.com\/fr\/wp-json\/wp\/v2\/pages\/3381\/revisions\/8108"}],"up":[{"embeddable":true,"href":"https:\/\/orchestrenouvellegeneration.com\/fr\/wp-json\/wp\/v2\/pages\/3353"}],"wp:attachment":[{"href":"https:\/\/orchestrenouvellegeneration.com\/fr\/wp-json\/wp\/v2\/media?parent=3381"}],"curies":[{"name":"wp","href":"https:\/\/api.w.org\/{rel}","templated":true}]}}