{"id":3377,"date":"2013-06-06T04:32:54","date_gmt":"2013-06-06T04:32:54","guid":{"rendered":"https:\/\/orchestrenouvellegeneration.com\/?page_id=3377"},"modified":"2014-06-10T16:19:24","modified_gmt":"2014-06-10T16:19:24","slug":"18-janvier-2014","status":"publish","type":"page","link":"https:\/\/orchestrenouvellegeneration.com\/fr\/saison-2013-2014\/18-janvier-2014\/","title":{"rendered":"18 janvier 2014"},"content":{"rendered":"<p>[two_third_column]En raison de circonstances incontr\u00f4lables, l\u2019Orchestre de chambre Nouvelle G\u00e9n\u00e9ration est contraint de reporter \u00e0 une date ult\u00e9rieure son concert <em>Violonchelo Espa\u00f1ol<\/em> qui devait se tenir le 18 janvier 2014. Tous les membres et le personnel de l\u2019Orchestre d\u00e9sirent pr\u00e9senter leurs plus sinc\u00e8res excuses aux personnes importun\u00e9es par ce contretemps.<\/p>\n<p>Vous aurez n\u00e9anmoins la chance d\u2019assister \u00e0 ce concert passionnant qui lancera la prochaine saison de l\u2019Orchestre, le <strong>8 novembre 2014<\/strong>, \u00e0 la Salle Claude-Champagne. Les gens d\u00e9tenant des billets pour le concert du 18 janvier ou un abonnement pour la saison 2013-2014 n\u2019auront qu\u2019\u00e0 pr\u00e9senter leurs billets le soir m\u00eame du concert, soit le 8 novembre 2014. <\/p>\n<p>Si vous \u00eates dans l&rsquo;impossiblit\u00e9 de vous pr\u00e9senter au concert \u00e0 sa nouvelle date, n\u2019h\u00e9sitez pas \u00e0 communiquer avec le si\u00e8ge social de l&rsquo;Orchestre au (514) 587-2477.<\/p>\n<p><a href=\"https:\/\/orchestrenouvellegeneration.com\/newsletter\/communique_jan_2014.htm\" target=\"_blank\">Lire le communiqu\u00e9 officiel<\/a><br \/>\n[\/two_third_column]<br \/>\n[three_column_last]<\/p>\n<div id=\"attachment_3340\" style=\"width: 310px\" class=\"wp-caption alignleft\"><a href=\"http:\/\/www.stephanetetreault.com\/\" target=\"_blank\"><img loading=\"lazy\" decoding=\"async\" aria-describedby=\"caption-attachment-3340\" class=\"alignleft size-full wp-image-3340\" style=\"margin-top: 1px; border-width: 1px; border-style: solid; border-color: #333;\" title=\"St\u00e9phane T\u00e9treault, chef \/ violoncelle\" src=\"https:\/\/orchestrenouvellegeneration.com\/wp-content\/uploads\/2013\/05\/stephanel_2012.jpg\" alt=\"\" width=\"300\" height=\"200\" srcset=\"https:\/\/orchestrenouvellegeneration.com\/wp-content\/uploads\/2013\/05\/stephanel_2012.jpg 300w, https:\/\/orchestrenouvellegeneration.com\/wp-content\/uploads\/2013\/05\/stephanel_2012-288x192.jpg 288w, https:\/\/orchestrenouvellegeneration.com\/wp-content\/uploads\/2013\/05\/stephanel_2012-250x166.jpg 250w\" sizes=\"auto, (max-width:767px) 300px, 300px\" \/><\/a><p id=\"caption-attachment-3340\" class=\"wp-caption-text\">St\u00e9phane T\u00e9treault, chef \/ violoncelle<\/p><\/div>\n<p>[\/three_column_last]<\/p>\n","protected":false},"excerpt":{"rendered":"<p>[two_third_column]En raison de circonstances incontr\u00f4lables, l\u2019Orchestre de chambre Nouvelle G\u00e9n\u00e9ration est contraint de reporter \u00e0 une date ult\u00e9rieure son concert Violonchelo Espa\u00f1ol qui devait se tenir<span class=\"excerpt-hellip\"> [\u2026]<\/span><\/p>\n","protected":false},"author":9,"featured_media":0,"parent":3353,"menu_order":2,"comment_status":"closed","ping_status":"closed","template":"","meta":{"footnotes":""},"class_list":["post-3377","page","type-page","status-publish","hentry"],"_links":{"self":[{"href":"https:\/\/orchestrenouvellegeneration.com\/fr\/wp-json\/wp\/v2\/pages\/3377","targetHints":{"allow":["GET"]}}],"collection":[{"href":"https:\/\/orchestrenouvellegeneration.com\/fr\/wp-json\/wp\/v2\/pages"}],"about":[{"href":"https:\/\/orchestrenouvellegeneration.com\/fr\/wp-json\/wp\/v2\/types\/page"}],"author":[{"embeddable":true,"href":"https:\/\/orchestrenouvellegeneration.com\/fr\/wp-json\/wp\/v2\/users\/9"}],"replies":[{"embeddable":true,"href":"https:\/\/orchestrenouvellegeneration.com\/fr\/wp-json\/wp\/v2\/comments?post=3377"}],"version-history":[{"count":17,"href":"https:\/\/orchestrenouvellegeneration.com\/fr\/wp-json\/wp\/v2\/pages\/3377\/revisions"}],"predecessor-version":[{"id":4574,"href":"https:\/\/orchestrenouvellegeneration.com\/fr\/wp-json\/wp\/v2\/pages\/3377\/revisions\/4574"}],"up":[{"embeddable":true,"href":"https:\/\/orchestrenouvellegeneration.com\/fr\/wp-json\/wp\/v2\/pages\/3353"}],"wp:attachment":[{"href":"https:\/\/orchestrenouvellegeneration.com\/fr\/wp-json\/wp\/v2\/media?parent=3377"}],"curies":[{"name":"wp","href":"https:\/\/api.w.org\/{rel}","templated":true}]}}