{"id":3373,"date":"2013-06-06T04:38:09","date_gmt":"2013-06-06T04:38:09","guid":{"rendered":"https:\/\/orchestrenouvellegeneration.com\/?page_id=3373"},"modified":"2021-03-06T03:42:17","modified_gmt":"2021-03-06T03:42:17","slug":"23-novembre-2013","status":"publish","type":"page","link":"https:\/\/orchestrenouvellegeneration.com\/fr\/saison-2013-2014\/23-novembre-2013\/","title":{"rendered":"F\u00caTE KLEZMER"},"content":{"rendered":"<div class=\"wpb-content-wrapper\"><p>[vc_row][vc_column width=\u00a0\u00bb3\/4&Prime;][vc_column_text]En ouverture de saison, notre F\u00eate <em>Klezmer<\/em> avec l\u2019ensemble Kleztory qui vous plongera dans l\u2019univers de cette musique de l&rsquo;Europe de l&rsquo;Est. En d\u00e9but de concert, la musique de notre chef et compositeur Airat Ichmouratov ne manquera pas \u00e0 vous conqu\u00e9rir dans son <em>Concerto Grosso<\/em>. Soyez de la f\u00eate!<\/p>\n<p><strong>Airat Ichmouratov<\/strong> (* 1973)<br \/>\nConcerto Grosso, opus 28<\/p>\n<p><em>Avec les solistes Robert Margaryan, Elvira Misbakhova, Mark Simons, Matt Herskowitz et<br \/>\nSt\u00e9phane T\u00e9treault<\/em><\/p>\n<p><strong>Hanukkah Ouverture<\/strong><br \/>\n<em>(Oeuvre in\u00e9dite de notre concours de composition pour jeunes compositeurs 2013)<\/em><\/p>\n<p><strong>Musique traditionnelle klezmer<\/strong> avec l&rsquo;ensemble <strong><a href=\"http:\/\/www.kleztory.com\/\" target=\"_blank\" rel=\"noopener\">KLEZTORY<\/a><\/strong><\/p>\n<p><strong>Airat Ichmouratov<\/strong>, chef d&rsquo;orchestre[\/vc_column_text][\/vc_column][vc_column width=\u00a0\u00bb1\/4&Prime;][vc_single_image image=\u00a0\u00bb7353&Prime; img_size=\u00a0\u00bbfull\u00a0\u00bb add_caption=\u00a0\u00bbyes\u00a0\u00bb onclick=\u00a0\u00bblink_image\u00a0\u00bb][\/vc_column][\/vc_row]<\/p>\n<\/div>","protected":false},"excerpt":{"rendered":"<p>[vc_row][vc_column width=\u00a0\u00bb3\/4&Prime;][vc_column_text]En ouverture de saison, notre F\u00eate Klezmer avec l\u2019ensemble Kleztory qui vous plongera dans l\u2019univers de cette musique de l&rsquo;Europe de l&rsquo;Est. En d\u00e9but de<span class=\"excerpt-hellip\"> [\u2026]<\/span><\/p>\n","protected":false},"author":9,"featured_media":0,"parent":3353,"menu_order":1,"comment_status":"closed","ping_status":"open","template":"","meta":{"footnotes":""},"class_list":["post-3373","page","type-page","status-publish","hentry"],"_links":{"self":[{"href":"https:\/\/orchestrenouvellegeneration.com\/fr\/wp-json\/wp\/v2\/pages\/3373","targetHints":{"allow":["GET"]}}],"collection":[{"href":"https:\/\/orchestrenouvellegeneration.com\/fr\/wp-json\/wp\/v2\/pages"}],"about":[{"href":"https:\/\/orchestrenouvellegeneration.com\/fr\/wp-json\/wp\/v2\/types\/page"}],"author":[{"embeddable":true,"href":"https:\/\/orchestrenouvellegeneration.com\/fr\/wp-json\/wp\/v2\/users\/9"}],"replies":[{"embeddable":true,"href":"https:\/\/orchestrenouvellegeneration.com\/fr\/wp-json\/wp\/v2\/comments?post=3373"}],"version-history":[{"count":51,"href":"https:\/\/orchestrenouvellegeneration.com\/fr\/wp-json\/wp\/v2\/pages\/3373\/revisions"}],"predecessor-version":[{"id":8103,"href":"https:\/\/orchestrenouvellegeneration.com\/fr\/wp-json\/wp\/v2\/pages\/3373\/revisions\/8103"}],"up":[{"embeddable":true,"href":"https:\/\/orchestrenouvellegeneration.com\/fr\/wp-json\/wp\/v2\/pages\/3353"}],"wp:attachment":[{"href":"https:\/\/orchestrenouvellegeneration.com\/fr\/wp-json\/wp\/v2\/media?parent=3373"}],"curies":[{"name":"wp","href":"https:\/\/api.w.org\/{rel}","templated":true}]}}