{"id":3353,"date":"2013-06-06T04:32:18","date_gmt":"2013-06-06T04:32:18","guid":{"rendered":"https:\/\/orchestrenouvellegeneration.com\/?page_id=3353"},"modified":"2021-03-06T03:36:56","modified_gmt":"2021-03-06T03:36:56","slug":"saison-2013-2014","status":"publish","type":"page","link":"https:\/\/orchestrenouvellegeneration.com\/fr\/saison-2013-2014\/","title":{"rendered":"Saison 2013 &#8211; 2014"},"content":{"rendered":"<div class=\"wpb-content-wrapper\"><p>[vc_row][vc_column width=\u00a0\u00bb2\/3&Prime;][vc_column_text]<\/p>\n<h4><a href=\"\/?page_id=3373\">F\u00caTE KLEZMER<\/a><\/h4>\n<h5>Samedi 23 novembre 2013 &#8211; 20 h<\/h5>\n<p>Ichmouratov &#8211; Concerto Grosso, opus 28<br \/>\nMusique traditionnelle klezmer avec l\u2019ensemble KLEZTORY<\/p>\n<p>Airat Ichmouratov, chef[\/vc_column_text][vc_btn title=\u00a0\u00bbEN SAVOIR PLUS\u00a0\u00bb style=\u00a0\u00bbcustom\u00a0\u00bb custom_background=\u00a0\u00bb#861215&Prime; custom_text=\u00a0\u00bb#fcfcfc\u00a0\u00bb size=\u00a0\u00bbsm\u00a0\u00bb align=\u00a0\u00bbleft\u00a0\u00bb link=\u00a0\u00bburl:https%3A%2F%2Forchestrenouvellegeneration.com%2Ffr%2Fsaison-2013-2014%2F23-novembre-2013%2F|title:15%20d%C3%A9cembre%202018&Prime;][\/vc_column][vc_column width=\u00a0\u00bb1\/3&Prime;][vc_single_image image=\u00a0\u00bb7351&Prime; img_size=\u00a0\u00bbmedium\u00a0\u00bb alignment=\u00a0\u00bbcenter\u00a0\u00bb onclick=\u00a0\u00bbcustom_link\u00a0\u00bb link=\u00a0\u00bbhttps:\/\/orchestrenouvellegeneration.com\/fr\/saison-2013-2014\/23-novembre-2013\/\u00a0\u00bb][\/vc_column][\/vc_row][vc_row][vc_column][vc_separator][\/vc_column][\/vc_row][vc_row][vc_column width=\u00a0\u00bb2\/3&Prime;][vc_column_text]<\/p>\n<h4><a href=\"\/?page_id=3381\">CHANSONS FRAN\u00c7AISES<\/a><\/h4>\n<h5>Samedi 29 mars 2014 &#8211; 20 h<\/h5>\n<p>Ravel &#8211; Quatuor \u00e0 cordes en fa majeur (arr. pour orchestre \u00e0 cordes)<br \/>\nRavel &#8211; Tzigane<br \/>\nHommage \u00e0 la chanson fran\u00e7aise avec<br \/>\nBREL, PIAF, AZNAVOUR&#8230;<\/p>\n<p>Natalie Choquette, artiste invit\u00e9e<br \/>\nRobert Margaryan, violon<br \/>\nAlain Aubut, chef[\/vc_column_text][vc_btn title=\u00a0\u00bbEN SAVOIR PLUS\u00a0\u00bb style=\u00a0\u00bbcustom\u00a0\u00bb custom_background=\u00a0\u00bb#861215&Prime; custom_text=\u00a0\u00bb#fcfcfc\u00a0\u00bb size=\u00a0\u00bbsm\u00a0\u00bb align=\u00a0\u00bbleft\u00a0\u00bb link=\u00a0\u00bburl:https%3A%2F%2Forchestrenouvellegeneration.com%2Ffr%2Fsaison-2013-2014%2F29-mars-2014%2F|title:15%20d%C3%A9cembre%202018&Prime;][\/vc_column][vc_column width=\u00a0\u00bb1\/3&Prime;][vc_single_image image=\u00a0\u00bb7427&Prime; img_size=\u00a0\u00bbmedium\u00a0\u00bb alignment=\u00a0\u00bbcenter\u00a0\u00bb onclick=\u00a0\u00bbcustom_link\u00a0\u00bb link=\u00a0\u00bbhttps:\/\/orchestrenouvellegeneration.com\/fr\/saison-2013-2014\/29-mars-2014\/\u00a0\u00bb][\/vc_column][\/vc_row][vc_row][vc_column][vc_separator][\/vc_column][\/vc_row][vc_row][vc_column width=\u00a0\u00bb2\/3&Prime;][vc_column_text]<\/p>\n<h4><a href=\"\/?page_id=3385\">TABLEAUX DANSANTS<\/a><\/h4>\n<h5>Samedi 7 juin 2014 &#8211; 20 h<\/h5>\n<p>Tcha\u00efkovski &#8211; Andante Cantabile<br \/>\nDvor\u00e1k &#8211; S\u00e9r\u00e9nade pour cordes en mi majeur, opus 22<br \/>\nMoussorgski &#8211; Tableaux d\u2019une exposition<br \/>\n<em>Les tableaux dansants<\/em> de Natasha Turovsky<\/p>\n<p>Alain Aubut \/ Airat Ichmouratov &amp; St\u00e9phane T\u00e9treault, direction musicale[\/vc_column_text][vc_btn title=\u00a0\u00bbEN SAVOIR PLUS\u00a0\u00bb style=\u00a0\u00bbcustom\u00a0\u00bb custom_background=\u00a0\u00bb#861215&Prime; custom_text=\u00a0\u00bb#fcfcfc\u00a0\u00bb size=\u00a0\u00bbsm\u00a0\u00bb align=\u00a0\u00bbleft\u00a0\u00bb link=\u00a0\u00bburl:https%3A%2F%2Forchestrenouvellegeneration.com%2Ffr%2Fsaison-2013-2014%2F7-juin-2014%2F|title:5%20avril%202020&Prime;][\/vc_column][vc_column width=\u00a0\u00bb1\/3&Prime;][vc_single_image image=\u00a0\u00bb7554&Prime; img_size=\u00a0\u00bbmedium\u00a0\u00bb alignment=\u00a0\u00bbcenter\u00a0\u00bb onclick=\u00a0\u00bbcustom_link\u00a0\u00bb link=\u00a0\u00bb\/?page_id=6737&Prime;][\/vc_column][\/vc_row]<\/p>\n<\/div>","protected":false},"excerpt":{"rendered":"<p>[vc_row][vc_column width=\u00a0\u00bb2\/3&Prime;][vc_column_text] F\u00caTE KLEZMER Samedi 23 novembre 2013 &#8211; 20 h Ichmouratov &#8211; Concerto Grosso, opus 28 Musique traditionnelle klezmer avec l\u2019ensemble KLEZTORY Airat Ichmouratov, chef[\/vc_column_text][vc_btn<span class=\"excerpt-hellip\"> [\u2026]<\/span><\/p>\n","protected":false},"author":9,"featured_media":0,"parent":0,"menu_order":0,"comment_status":"closed","ping_status":"open","template":"","meta":{"footnotes":""},"class_list":["post-3353","page","type-page","status-publish","hentry"],"_links":{"self":[{"href":"https:\/\/orchestrenouvellegeneration.com\/fr\/wp-json\/wp\/v2\/pages\/3353","targetHints":{"allow":["GET"]}}],"collection":[{"href":"https:\/\/orchestrenouvellegeneration.com\/fr\/wp-json\/wp\/v2\/pages"}],"about":[{"href":"https:\/\/orchestrenouvellegeneration.com\/fr\/wp-json\/wp\/v2\/types\/page"}],"author":[{"embeddable":true,"href":"https:\/\/orchestrenouvellegeneration.com\/fr\/wp-json\/wp\/v2\/users\/9"}],"replies":[{"embeddable":true,"href":"https:\/\/orchestrenouvellegeneration.com\/fr\/wp-json\/wp\/v2\/comments?post=3353"}],"version-history":[{"count":54,"href":"https:\/\/orchestrenouvellegeneration.com\/fr\/wp-json\/wp\/v2\/pages\/3353\/revisions"}],"predecessor-version":[{"id":8094,"href":"https:\/\/orchestrenouvellegeneration.com\/fr\/wp-json\/wp\/v2\/pages\/3353\/revisions\/8094"}],"wp:attachment":[{"href":"https:\/\/orchestrenouvellegeneration.com\/fr\/wp-json\/wp\/v2\/media?parent=3353"}],"curies":[{"name":"wp","href":"https:\/\/api.w.org\/{rel}","templated":true}]}}