{"id":2953,"date":"2012-11-03T13:58:33","date_gmt":"2012-11-03T13:58:33","guid":{"rendered":"https:\/\/orchestrenouvellegeneration.com\/?page_id=2953"},"modified":"2014-06-09T21:55:57","modified_gmt":"2014-06-09T21:55:57","slug":"videos","status":"publish","type":"page","link":"https:\/\/orchestrenouvellegeneration.com\/fr\/videos\/","title":{"rendered":"Videos"},"content":{"rendered":"<p>[four_column]<div class=\"image_frame image_item scale-with-grid element_classes alignnone no_border mfn-img-box\"  role=\"link\" aria-label=\"Image with links\" tabindex=\"0\"><div class=\"image_wrapper\"><a href=\"http:\/\/www.youtube.com\/watch?v=daFRDX-rSnU\"    class=\"\"  tabindex=\"-1\" title=\"\"><div class=\"mask\"><\/div><img decoding=\"async\" class=\"scale-with-grid\" src=\"\" alt=\"\" title=\"\" width=\"\" height=\"\" style=\"\"\/><\/a><div class=\"image_links\"><a href=\"http:\/\/www.youtube.com\/watch?v=daFRDX-rSnU\" class=\"link \"    tabindex=\"-1\" title=\"\"><svg viewBox=\"0 0 26 26\"><defs><style>.path{fill:none;stroke:#333;stroke-miterlimit:10;stroke-width:1.5px;}<\/style><\/defs><g><path d=\"M10.17,8.76l2.12-2.12a5,5,0,0,1,7.07,0h0a5,5,0,0,1,0,7.07l-2.12,2.12\" class=\"path\"><\/path><path d=\"M15.83,17.24l-2.12,2.12a5,5,0,0,1-7.07,0h0a5,5,0,0,1,0-7.07l2.12-2.12\" class=\"path\"><\/path><line x1=\"10.17\" y1=\"15.83\" x2=\"15.83\" y2=\"10.17\" class=\"path\"><\/line><\/g><\/svg><\/a><\/div><\/div><\/div>\n<br \/>\n<span class=\"desc_videos\"><strong>Piotr Ilitch Tchaikovsky<\/strong><br \/>\nSouvenir de Florence, opus 70<br \/>\nAlain Aubut, chef d&rsquo;orchestre<\/span><\/p>\n<div class=\"image_frame image_item scale-with-grid element_classes alignnone no_border mfn-img-box\"  role=\"link\" aria-label=\"Image with links\" tabindex=\"0\"><div class=\"image_wrapper\"><a href=\"http:\/\/www.youtube.com\/watch?v=QfOtkpy7_J4\"    class=\"\"  tabindex=\"-1\" title=\"\"><div class=\"mask\"><\/div><img decoding=\"async\" class=\"scale-with-grid\" src=\"\" alt=\"\" title=\"\" width=\"\" height=\"\" style=\"\"\/><\/a><div class=\"image_links\"><a href=\"http:\/\/www.youtube.com\/watch?v=QfOtkpy7_J4\" class=\"link \"    tabindex=\"-1\" title=\"\"><svg viewBox=\"0 0 26 26\"><defs><style>.path{fill:none;stroke:#333;stroke-miterlimit:10;stroke-width:1.5px;}<\/style><\/defs><g><path d=\"M10.17,8.76l2.12-2.12a5,5,0,0,1,7.07,0h0a5,5,0,0,1,0,7.07l-2.12,2.12\" class=\"path\"><\/path><path d=\"M15.83,17.24l-2.12,2.12a5,5,0,0,1-7.07,0h0a5,5,0,0,1,0-7.07l2.12-2.12\" class=\"path\"><\/path><line x1=\"10.17\" y1=\"15.83\" x2=\"15.83\" y2=\"10.17\" class=\"path\"><\/line><\/g><\/svg><\/a><\/div><\/div><\/div>\n<br \/>\n<span class=\"desc_videos\"><strong>Franz Joseph Haydn<\/strong><br \/>\nDivertimento en r\u00e9 majeur<br \/>\nSt\u00e9phane T\u00e9treault, chef &#8211; violoncelle<\/span><br \/>\n[\/four_column]<\/p>\n<p>[four_column]<div class=\"image_frame image_item scale-with-grid element_classes alignnone no_border mfn-img-box\"  role=\"link\" aria-label=\"Image with links\" tabindex=\"0\"><div class=\"image_wrapper\"><a href=\"http:\/\/www.youtube.com\/watch?v=CLCeeKI4Ba4\"    class=\"\"  tabindex=\"-1\" title=\"\"><div class=\"mask\"><\/div><img decoding=\"async\" class=\"scale-with-grid\" src=\"\" alt=\"\" title=\"\" width=\"\" height=\"\" style=\"\"\/><\/a><div class=\"image_links\"><a href=\"http:\/\/www.youtube.com\/watch?v=CLCeeKI4Ba4\" class=\"link \"    tabindex=\"-1\" title=\"\"><svg viewBox=\"0 0 26 26\"><defs><style>.path{fill:none;stroke:#333;stroke-miterlimit:10;stroke-width:1.5px;}<\/style><\/defs><g><path d=\"M10.17,8.76l2.12-2.12a5,5,0,0,1,7.07,0h0a5,5,0,0,1,0,7.07l-2.12,2.12\" class=\"path\"><\/path><path d=\"M15.83,17.24l-2.12,2.12a5,5,0,0,1-7.07,0h0a5,5,0,0,1,0-7.07l2.12-2.12\" class=\"path\"><\/path><line x1=\"10.17\" y1=\"15.83\" x2=\"15.83\" y2=\"10.17\" class=\"path\"><\/line><\/g><\/svg><\/a><\/div><\/div><\/div>\n<br \/>\n<span class=\"desc_videos\"><strong>Airat Ichmouratov<\/strong><br \/>\nSymphonie de chambre, opus 5<br \/>\nAirat Ichmouratov, chef d&rsquo;orchestre<\/span><\/p>\n<p>[\/four_column]<\/p>\n<p>[four_column]<div class=\"image_frame image_item scale-with-grid element_classes alignnone no_border mfn-img-box\"  role=\"link\" aria-label=\"Image with links\" tabindex=\"0\"><div class=\"image_wrapper\"><a href=\"http:\/\/www.youtube.com\/watch?v=0bOBwA8CqDM\"    class=\"\"  tabindex=\"-1\" title=\"\"><div class=\"mask\"><\/div><img decoding=\"async\" class=\"scale-with-grid\" src=\"\" alt=\"\" title=\"\" width=\"\" height=\"\" style=\"\"\/><\/a><div class=\"image_links\"><a href=\"http:\/\/www.youtube.com\/watch?v=0bOBwA8CqDM\" class=\"link \"    tabindex=\"-1\" title=\"\"><svg viewBox=\"0 0 26 26\"><defs><style>.path{fill:none;stroke:#333;stroke-miterlimit:10;stroke-width:1.5px;}<\/style><\/defs><g><path d=\"M10.17,8.76l2.12-2.12a5,5,0,0,1,7.07,0h0a5,5,0,0,1,0,7.07l-2.12,2.12\" class=\"path\"><\/path><path d=\"M15.83,17.24l-2.12,2.12a5,5,0,0,1-7.07,0h0a5,5,0,0,1,0-7.07l2.12-2.12\" class=\"path\"><\/path><line x1=\"10.17\" y1=\"15.83\" x2=\"15.83\" y2=\"10.17\" class=\"path\"><\/line><\/g><\/svg><\/a><\/div><\/div><\/div>\n<br \/>\n<span class=\"desc_videos\"><strong>Luigi Boccherini<\/strong><br \/>\nConcerto en si b\u00e9mol majeur<br \/>\nBryan Cheng, violoncelle<\/span><\/p>\n<p>[\/four_column]<\/p>\n<p>[four_column_last]<div class=\"image_frame image_item scale-with-grid element_classes alignnone no_border mfn-img-box\"  role=\"link\" aria-label=\"Image with links\" tabindex=\"0\"><div class=\"image_wrapper\"><a href=\"http:\/\/www.youtube.com\/watch?v=ViRDVVnxzUY\"    class=\"\"  tabindex=\"-1\" title=\"\"><div class=\"mask\"><\/div><img decoding=\"async\" class=\"scale-with-grid\" src=\"\" alt=\"\" title=\"\" width=\"\" height=\"\" style=\"\"\/><\/a><div class=\"image_links\"><a href=\"http:\/\/www.youtube.com\/watch?v=ViRDVVnxzUY\" class=\"link \"    tabindex=\"-1\" title=\"\"><svg viewBox=\"0 0 26 26\"><defs><style>.path{fill:none;stroke:#333;stroke-miterlimit:10;stroke-width:1.5px;}<\/style><\/defs><g><path d=\"M10.17,8.76l2.12-2.12a5,5,0,0,1,7.07,0h0a5,5,0,0,1,0,7.07l-2.12,2.12\" class=\"path\"><\/path><path d=\"M15.83,17.24l-2.12,2.12a5,5,0,0,1-7.07,0h0a5,5,0,0,1,0-7.07l2.12-2.12\" class=\"path\"><\/path><line x1=\"10.17\" y1=\"15.83\" x2=\"15.83\" y2=\"10.17\" class=\"path\"><\/line><\/g><\/svg><\/a><\/div><\/div><\/div>\n<br \/>\n<span class=\"desc_videos\"><strong>Franz Joseph Haydn<\/strong><br \/>\nConcerto no. 2 en r\u00e9 majeur<br \/>\nSt\u00e9phane T\u00e9treault, violoncelle<\/span><\/p>\n<p>[\/four_column_last]<\/p>\n","protected":false},"excerpt":{"rendered":"<p>[four_column] Piotr Ilitch Tchaikovsky Souvenir de Florence, opus 70 Alain Aubut, chef d&rsquo;orchestre Franz Joseph Haydn Divertimento en r\u00e9 majeur St\u00e9phane T\u00e9treault, chef &#8211; violoncelle [\/four_column]<span class=\"excerpt-hellip\"> [\u2026]<\/span><\/p>\n","protected":false},"author":9,"featured_media":0,"parent":0,"menu_order":5,"comment_status":"closed","ping_status":"closed","template":"","meta":{"footnotes":""},"class_list":["post-2953","page","type-page","status-publish","hentry"],"_links":{"self":[{"href":"https:\/\/orchestrenouvellegeneration.com\/fr\/wp-json\/wp\/v2\/pages\/2953","targetHints":{"allow":["GET"]}}],"collection":[{"href":"https:\/\/orchestrenouvellegeneration.com\/fr\/wp-json\/wp\/v2\/pages"}],"about":[{"href":"https:\/\/orchestrenouvellegeneration.com\/fr\/wp-json\/wp\/v2\/types\/page"}],"author":[{"embeddable":true,"href":"https:\/\/orchestrenouvellegeneration.com\/fr\/wp-json\/wp\/v2\/users\/9"}],"replies":[{"embeddable":true,"href":"https:\/\/orchestrenouvellegeneration.com\/fr\/wp-json\/wp\/v2\/comments?post=2953"}],"version-history":[{"count":24,"href":"https:\/\/orchestrenouvellegeneration.com\/fr\/wp-json\/wp\/v2\/pages\/2953\/revisions"}],"predecessor-version":[{"id":4493,"href":"https:\/\/orchestrenouvellegeneration.com\/fr\/wp-json\/wp\/v2\/pages\/2953\/revisions\/4493"}],"wp:attachment":[{"href":"https:\/\/orchestrenouvellegeneration.com\/fr\/wp-json\/wp\/v2\/media?parent=2953"}],"curies":[{"name":"wp","href":"https:\/\/api.w.org\/{rel}","templated":true}]}}