{"id":2837,"date":"2012-11-03T01:22:12","date_gmt":"2012-11-03T01:22:12","guid":{"rendered":"https:\/\/orchestrenouvellegeneration.com\/?page_id=2837"},"modified":"2021-03-01T20:08:48","modified_gmt":"2021-03-01T20:08:48","slug":"the-demons-of-the-vienna-woods","status":"publish","type":"page","link":"https:\/\/orchestrenouvellegeneration.com\/fr\/the-demons-of-the-vienna-woods\/","title":{"rendered":"Les d\u00e9mons des bois de Vienne"},"content":{"rendered":"<div id=\"jig1\" class=\"justified-image-grid jig-00d46f308d25b8749fe53148cc015350 jig-preset-global jig-source-wp-gallery\"><div class=\"jig-clearfix\"><\/div><noscript id=\"jig1-html\" class=\"justified-image-grid-html\" data-lazy-src=\"skiplazyload\" data-src=\"skipunveillazyload\"><ul><li><a href=\"https:\/\/orchestrenouvellegeneration.com\/wp-content\/uploads\/2012\/11\/381614_219680871443516_1551490375_n.jpg\" title=\"381614_219680871443516_1551490375_n\"><img loading=\"lazy\" decoding=\"async\" src=\"https:\/\/orchestrenouvellegeneration.com\/wp-content\/plugins\/justified-image-grid\/timthumb.php?src=https%3A%2F%2Forchestrenouvellegeneration.com%2Fwp-content%2Fuploads%2F2012%2F11%2F381614_219680871443516_1551490375_n.jpg&amp;h=240&amp;q=90&amp;f=.jpg\" alt=\"Maria Monakhova, Larissa Corriveau\" width=\"331\" height=\"240\" \/><\/a><p class=\"jig-HTMLdescription\">Maria Monakhova, Larissa Corriveau<br\/>381614_219680871443516_1551490375_n<\/p><\/li><li><a href=\"https:\/\/orchestrenouvellegeneration.com\/wp-content\/uploads\/2012\/11\/378466_219683104776626_1946157957_n.jpg\" title=\"378466_219683104776626_1946157957_n\"><img loading=\"lazy\" decoding=\"async\" src=\"https:\/\/orchestrenouvellegeneration.com\/wp-content\/plugins\/justified-image-grid\/timthumb.php?src=https%3A%2F%2Forchestrenouvellegeneration.com%2Fwp-content%2Fuploads%2F2012%2F11%2F378466_219683104776626_1946157957_n.jpg&amp;h=240&amp;q=90&amp;f=.jpg\" alt=\"Larissa Corriveau\" width=\"304\" height=\"240\" \/><\/a><p class=\"jig-HTMLdescription\">Larissa Corriveau<br\/>378466_219683104776626_1946157957_n<\/p><\/li><li><a href=\"https:\/\/orchestrenouvellegeneration.com\/wp-content\/uploads\/2012\/11\/402559_219681524776784_795371105_n.jpg\" title=\"402559_219681524776784_795371105_n\"><img loading=\"lazy\" decoding=\"async\" src=\"https:\/\/orchestrenouvellegeneration.com\/wp-content\/plugins\/justified-image-grid\/timthumb.php?src=https%3A%2F%2Forchestrenouvellegeneration.com%2Fwp-content%2Fuploads%2F2012%2F11%2F402559_219681524776784_795371105_n.jpg&amp;h=240&amp;q=90&amp;f=.jpg\" alt=\"R\u00e9p\u00e9tition \/ Rehearsal\" width=\"421\" height=\"240\" \/><\/a><p class=\"jig-HTMLdescription\">R\u00e9p\u00e9tition \/ Rehearsal<br\/>402559_219681524776784_795371105_n<\/p><\/li><li><a href=\"https:\/\/orchestrenouvellegeneration.com\/wp-content\/uploads\/2012\/11\/399361_219681001443503_474003106_n.jpg\" title=\"399361_219681001443503_474003106_n\"><img loading=\"lazy\" decoding=\"async\" src=\"https:\/\/orchestrenouvellegeneration.com\/wp-content\/plugins\/justified-image-grid\/timthumb.php?src=https%3A%2F%2Forchestrenouvellegeneration.com%2Fwp-content%2Fuploads%2F2012%2F11%2F399361_219681001443503_474003106_n.jpg&amp;h=240&amp;q=90&amp;f=.jpg\" alt=\"R\u00e9p\u00e9tition \/ Rehearsal\" width=\"496\" height=\"240\" \/><\/a><p class=\"jig-HTMLdescription\">R\u00e9p\u00e9tition \/ Rehearsal<br\/>399361_219681001443503_474003106_n<\/p><\/li><li><a href=\"https:\/\/orchestrenouvellegeneration.com\/wp-content\/uploads\/2012\/11\/166990_219681344776802_1837850_n.jpg\" title=\"166990_219681344776802_1837850_n\"><img loading=\"lazy\" decoding=\"async\" src=\"https:\/\/orchestrenouvellegeneration.com\/wp-content\/plugins\/justified-image-grid\/timthumb.php?src=https%3A%2F%2Forchestrenouvellegeneration.com%2Fwp-content%2Fuploads%2F2012%2F11%2F166990_219681344776802_1837850_n.jpg&amp;h=240&amp;q=90&amp;f=.jpg\" alt=\"Orchestre Nouvelle G\u00e9n\u00e9ration, Airat Ichmouratov\" width=\"465\" height=\"240\" \/><\/a><p class=\"jig-HTMLdescription\">Orchestre Nouvelle G\u00e9n\u00e9ration, Airat Ichmouratov<br\/>166990_219681344776802_1837850_n<\/p><\/li><li><a href=\"https:\/\/orchestrenouvellegeneration.com\/wp-content\/uploads\/2012\/11\/397691_219681458110124_1592376314_n.jpg\" title=\"397691_219681458110124_1592376314_n\"><img loading=\"lazy\" decoding=\"async\" src=\"https:\/\/orchestrenouvellegeneration.com\/wp-content\/plugins\/justified-image-grid\/timthumb.php?src=https%3A%2F%2Forchestrenouvellegeneration.com%2Fwp-content%2Fuploads%2F2012%2F11%2F397691_219681458110124_1592376314_n.jpg&amp;h=240&amp;q=90&amp;f=.jpg\" alt=\"Sonya Matoussova, Kateryna Bragina, St\u00e9phane T\u00e9treault\" width=\"205\" height=\"240\" \/><\/a><p class=\"jig-HTMLdescription\">Sonya Matoussova, Kateryna Bragina, St\u00e9phane T\u00e9treault<br\/>397691_219681458110124_1592376314_n<\/p><\/li><li><a href=\"https:\/\/orchestrenouvellegeneration.com\/wp-content\/uploads\/2012\/11\/396967_219682038110066_76972520_n.jpg\" title=\"396967_219682038110066_76972520_n\"><img loading=\"lazy\" decoding=\"async\" src=\"https:\/\/orchestrenouvellegeneration.com\/wp-content\/plugins\/justified-image-grid\/timthumb.php?src=https%3A%2F%2Forchestrenouvellegeneration.com%2Fwp-content%2Fuploads%2F2012%2F11%2F396967_219682038110066_76972520_n.jpg&amp;h=240&amp;q=90&amp;f=.jpg\" alt=\"R\u00e9p\u00e9tition Salle Claude-Champagne Rehearsal\" width=\"320\" height=\"240\" \/><\/a><p class=\"jig-HTMLdescription\">R\u00e9p\u00e9tition Salle Claude-Champagne Rehearsal<br\/>396967_219682038110066_76972520_n<\/p><\/li><li><a href=\"https:\/\/orchestrenouvellegeneration.com\/wp-content\/uploads\/2012\/11\/408206_219683171443286_2066854227_n.jpg\" title=\"408206_219683171443286_2066854227_n\"><img loading=\"lazy\" decoding=\"async\" src=\"https:\/\/orchestrenouvellegeneration.com\/wp-content\/plugins\/justified-image-grid\/timthumb.php?src=https%3A%2F%2Forchestrenouvellegeneration.com%2Fwp-content%2Fuploads%2F2012%2F11%2F408206_219683171443286_2066854227_n.jpg&amp;h=240&amp;q=90&amp;f=.jpg\" alt=\"Larissa Corriveau, Alexandre Marine\" width=\"198\" height=\"240\" \/><\/a><p class=\"jig-HTMLdescription\">Larissa Corriveau, Alexandre Marine<br\/>408206_219683171443286_2066854227_n<\/p><\/li><li><a href=\"https:\/\/orchestrenouvellegeneration.com\/wp-content\/uploads\/2012\/11\/405498_219682791443324_1704209160_n.jpg\" title=\"405498_219682791443324_1704209160_n\"><img loading=\"lazy\" decoding=\"async\" src=\"https:\/\/orchestrenouvellegeneration.com\/wp-content\/plugins\/justified-image-grid\/timthumb.php?src=https%3A%2F%2Forchestrenouvellegeneration.com%2Fwp-content%2Fuploads%2F2012%2F11%2F405498_219682791443324_1704209160_n.jpg&amp;h=240&amp;q=90&amp;f=.jpg\" alt=\"Alexandre Marine, Larissa Corriveau\" width=\"350\" height=\"240\" \/><\/a><p class=\"jig-HTMLdescription\">Alexandre Marine, Larissa Corriveau<br\/>405498_219682791443324_1704209160_n<\/p><\/li><li><a href=\"https:\/\/orchestrenouvellegeneration.com\/wp-content\/uploads\/2012\/11\/396675_219683291443274_1867244021_n.jpg\" title=\"396675_219683291443274_1867244021_n\"><img loading=\"lazy\" decoding=\"async\" src=\"https:\/\/orchestrenouvellegeneration.com\/wp-content\/plugins\/justified-image-grid\/timthumb.php?src=https%3A%2F%2Forchestrenouvellegeneration.com%2Fwp-content%2Fuploads%2F2012%2F11%2F396675_219683291443274_1867244021_n.jpg&amp;h=240&amp;q=90&amp;f=.jpg\" alt=\"Larissa Corriveau\" width=\"485\" height=\"240\" \/><\/a><p class=\"jig-HTMLdescription\">Larissa Corriveau<br\/>396675_219683291443274_1867244021_n<\/p><\/li><li><a href=\"https:\/\/orchestrenouvellegeneration.com\/wp-content\/uploads\/2012\/11\/389923_219681904776746_1787954365_n.jpg\" title=\"389923_219681904776746_1787954365_n\"><img loading=\"lazy\" decoding=\"async\" src=\"https:\/\/orchestrenouvellegeneration.com\/wp-content\/plugins\/justified-image-grid\/timthumb.php?src=https%3A%2F%2Forchestrenouvellegeneration.com%2Fwp-content%2Fuploads%2F2012%2F11%2F389923_219681904776746_1787954365_n.jpg&amp;h=240&amp;q=90&amp;f=.jpg\" alt=\"Larissa Corriveau\" width=\"320\" height=\"240\" \/><\/a><p class=\"jig-HTMLdescription\">Larissa Corriveau<br\/>389923_219681904776746_1787954365_n<\/p><\/li><li><a href=\"https:\/\/orchestrenouvellegeneration.com\/wp-content\/uploads\/2012\/11\/404557_219682304776706_1698004797_n.jpg\" title=\"404557_219682304776706_1698004797_n\"><img loading=\"lazy\" decoding=\"async\" src=\"https:\/\/orchestrenouvellegeneration.com\/wp-content\/plugins\/justified-image-grid\/timthumb.php?src=https%3A%2F%2Forchestrenouvellegeneration.com%2Fwp-content%2Fuploads%2F2012%2F11%2F404557_219682304776706_1698004797_n.jpg&amp;h=240&amp;q=90&amp;f=.jpg\" alt=\"Nouvelle Generation\" width=\"320\" height=\"240\" \/><\/a><p class=\"jig-HTMLdescription\">Nouvelle Generation<br\/>404557_219682304776706_1698004797_n<\/p><\/li><li><a href=\"https:\/\/orchestrenouvellegeneration.com\/wp-content\/uploads\/2012\/11\/403878_219682638110006_1418766862_n.jpg\" title=\"403878_219682638110006_1418766862_n\"><img loading=\"lazy\" decoding=\"async\" src=\"https:\/\/orchestrenouvellegeneration.com\/wp-content\/plugins\/justified-image-grid\/timthumb.php?src=https%3A%2F%2Forchestrenouvellegeneration.com%2Fwp-content%2Fuploads%2F2012%2F11%2F403878_219682638110006_1418766862_n.jpg&amp;h=240&amp;q=90&amp;f=.jpg\" alt=\"Larissa Corriveau, Nouvelle Generation\" width=\"786\" height=\"240\" \/><\/a><p class=\"jig-HTMLdescription\">Larissa Corriveau, Nouvelle Generation<br\/>403878_219682638110006_1418766862_n<\/p><\/li><li><a href=\"https:\/\/orchestrenouvellegeneration.com\/wp-content\/uploads\/2012\/11\/386492_219887634756173_1600969651_n.jpg\" title=\"386492_219887634756173_1600969651_n\"><img loading=\"lazy\" decoding=\"async\" src=\"https:\/\/orchestrenouvellegeneration.com\/wp-content\/plugins\/justified-image-grid\/timthumb.php?src=https%3A%2F%2Forchestrenouvellegeneration.com%2Fwp-content%2Fuploads%2F2012%2F11%2F386492_219887634756173_1600969651_n.jpg&amp;h=240&amp;q=90&amp;f=.jpg\" alt=\"Brenna Hardy-Kavanagh\" width=\"180\" height=\"240\" \/><\/a><p class=\"jig-HTMLdescription\">Brenna Hardy-Kavanagh<br\/>386492_219887634756173_1600969651_n<\/p><\/li><li><a href=\"https:\/\/orchestrenouvellegeneration.com\/wp-content\/uploads\/2012\/11\/395296_219681984776738_86172032_n.jpg\" title=\"395296_219681984776738_86172032_n\"><img loading=\"lazy\" decoding=\"async\" src=\"https:\/\/orchestrenouvellegeneration.com\/wp-content\/plugins\/justified-image-grid\/timthumb.php?src=https%3A%2F%2Forchestrenouvellegeneration.com%2Fwp-content%2Fuploads%2F2012%2F11%2F395296_219681984776738_86172032_n.jpg&amp;h=240&amp;q=90&amp;f=.jpg\" alt=\"St\u00e9phane T\u00e9treault\" width=\"312\" height=\"240\" \/><\/a><p class=\"jig-HTMLdescription\">St\u00e9phane T\u00e9treault<br\/>395296_219681984776738_86172032_n<\/p><\/li><\/ul><\/noscript><\/div>\n","protected":false},"excerpt":{"rendered":"Maria Monakhova, Larissa Corriveau381614_219680871443516_1551490375_nLarissa Corriveau378466_219683104776626_1946157957_nR\u00e9p\u00e9tition \/ Rehearsal402559_219681524776784_795371105_nR\u00e9p\u00e9tition \/ Rehearsal399361_219681001443503_474003106_nOrchestre Nouvelle G\u00e9n\u00e9ration, Airat Ichmouratov166990_219681344776802_1837850_nSonya Matoussova, Kateryna Bragina, St\u00e9phane T\u00e9treault397691_219681458110124_1592376314_nR\u00e9p\u00e9tition Salle Claude-Champagne Rehearsal396967_219682038110066_76972520_nLarissa Corriveau, Alexandre Marine408206_219683171443286_2066854227_nAlexandre Marine, Larissa<span class=\"excerpt-hellip\"> [\u2026]<\/span>","protected":false},"author":9,"featured_media":0,"parent":0,"menu_order":1,"comment_status":"closed","ping_status":"open","template":"","meta":{"footnotes":""},"class_list":["post-2837","page","type-page","status-publish","hentry"],"_links":{"self":[{"href":"https:\/\/orchestrenouvellegeneration.com\/fr\/wp-json\/wp\/v2\/pages\/2837","targetHints":{"allow":["GET"]}}],"collection":[{"href":"https:\/\/orchestrenouvellegeneration.com\/fr\/wp-json\/wp\/v2\/pages"}],"about":[{"href":"https:\/\/orchestrenouvellegeneration.com\/fr\/wp-json\/wp\/v2\/types\/page"}],"author":[{"embeddable":true,"href":"https:\/\/orchestrenouvellegeneration.com\/fr\/wp-json\/wp\/v2\/users\/9"}],"replies":[{"embeddable":true,"href":"https:\/\/orchestrenouvellegeneration.com\/fr\/wp-json\/wp\/v2\/comments?post=2837"}],"version-history":[{"count":7,"href":"https:\/\/orchestrenouvellegeneration.com\/fr\/wp-json\/wp\/v2\/pages\/2837\/revisions"}],"predecessor-version":[{"id":7696,"href":"https:\/\/orchestrenouvellegeneration.com\/fr\/wp-json\/wp\/v2\/pages\/2837\/revisions\/7696"}],"wp:attachment":[{"href":"https:\/\/orchestrenouvellegeneration.com\/fr\/wp-json\/wp\/v2\/media?parent=2837"}],"curies":[{"name":"wp","href":"https:\/\/api.w.org\/{rel}","templated":true}]}}