{"id":2235,"date":"2012-08-23T14:02:45","date_gmt":"2012-08-23T14:02:45","guid":{"rendered":"https:\/\/orchestrenouvellegeneration.com\/?page_id=2235"},"modified":"2021-03-06T20:24:54","modified_gmt":"2021-03-06T20:24:54","slug":"18-mai-2012","status":"publish","type":"page","link":"https:\/\/orchestrenouvellegeneration.com\/fr\/saison-2012-2013\/18-mai-2012\/","title":{"rendered":"L\u2019ORCHESTRE SUR LA TOILE"},"content":{"rendered":"<div class=\"wpb-content-wrapper\"><p>[vc_row][vc_column width=\u00a0\u00bb3\/4&Prime;][vc_column_text]Pour ce dernier concert de la saison 2012-2013, vous d\u00e9couvrirez la musique et le g\u00e9nie de notre chef Airat Ichmouratov. En premi\u00e8re mondiale,\u00a0<em>Picture Gallery<\/em>, une suite orchestrale bas\u00e9e sur les oeuvres de Natasha Turovsky. Laissez-vous transporter par les\u00a0<em>Danses fantastiques<\/em>\u00a0et\u00a0<em>Windcatcher<\/em>\u00a0interpr\u00e9t\u00e9 par nos solistes invit\u00e9s ainsi que le\u00a0<em>Concerto pour violoncelle, opus 18<\/em>\u00a0mettant en vedette St\u00e9phane T\u00e9treault sur son Stradivarius \u00ab Countess of Stainlein, ex-Paganini of 1707 \u00bb. Aussi au programme, les\u00a0<em>Quatre Saisons<\/em>\u00a0d\u2019Antonio Vivaldi en compagnie des solistes de l\u2019Orchestre Nouvelle G\u00e9n\u00e9ration. Un concert de calibre international avec des talents bien de chez nous.<\/p>\n<p><em>Programme<\/em><\/p>\n<p><strong>Antonio Vivaldi<\/strong>\u00a0(1678 \u2013 1741)<br \/>\n<strong>Les Quatre Saisons<\/strong><\/p>\n<p><strong>Concerto n\u00b0 1 en mi majeur, op. 8, RV 269, \u00ab La primavera \u00bb\u00a0<em>(Le printemps)<\/em><\/strong><br \/>\nVeronica Ungureanu, violon<\/p>\n<p><strong>Concerto n\u00b0 2 en sol mineur, op. 8, RV 315, \u00ab L\u2019estate \u00bb\u00a0<em>(L\u2019\u00e9t\u00e9)<\/em><\/strong><br \/>\nRobert Margaryan, violon<\/p>\n<p><strong>Concerto n\u00b0 3 en fa majeur, op. 8, RV 293, \u00ab L\u2019autunno \u00bb\u00a0<em>(L\u2019automne)<\/em><\/strong><br \/>\nSonia Hernandez, violin<\/p>\n<p><strong>Concerto n\u00b0 4 en fa mineur, op. 8, RV 297, \u00ab L\u2019inverno \u00bb\u00a0<em>(L\u2019hiver)<\/em><\/strong><br \/>\nXiaohan Guo, violin<\/p>\n<p><strong>Airat Ichmouratov<\/strong> (n\u00e9 en 1973)<br \/>\n<strong>Picture Gallery<\/strong> <em>(Premi\u00e8re)<\/em><br \/>\n<em>(inspir\u00e9 des oeuvres de Natasha Turovsky)<\/em><\/p>\n<p><strong>Fantastic Dances<\/strong> pour trio et cordes avec percussions, opus 15<br \/>\nI. Audition of The Muses by uninspired artist<br \/>\nII. The Valse<br \/>\nIII. The Race<br \/>\nMark Simons, clarinette \/ Wonny Song, piano \/ St\u00e9phane T\u00e9treault, violoncelle<\/p>\n<p><strong>Windcatcher<\/strong> pour clarinette et orchestre \u00e0 cordes, opus 17<br \/>\nMark Simons, clarinette<\/p>\n<p><strong>Concerto pour violoncelle et cordes avec percussions, opus 18<\/strong><br \/>\nI Intrigues<br \/>\nII. Repentance<br \/>\nIII. Moto Perpetuo<br \/>\nSt\u00e9phane T\u00e9treault, violoncelle<\/p>\n<p><strong>Final Procession, opus 37<\/strong><br \/>\nMark Simons, clarinette \/ Wonny Song, piano \/ St\u00e9phane T\u00e9treault, violoncelle[\/vc_column_text][\/vc_column][vc_column width=\u00a0\u00bb1\/4&Prime;][vc_row_inner][vc_column_inner width=\u00a0\u00bb1\/2&Prime;][vc_single_image image=\u00a0\u00bb7230&Prime; img_size=\u00a0\u00bbmedium\u00a0\u00bb add_caption=\u00a0\u00bbyes\u00a0\u00bb onclick=\u00a0\u00bblink_image\u00a0\u00bb][vc_single_image image=\u00a0\u00bb7227&Prime; img_size=\u00a0\u00bbmedium\u00a0\u00bb add_caption=\u00a0\u00bbyes\u00a0\u00bb onclick=\u00a0\u00bblink_image\u00a0\u00bb][vc_single_image image=\u00a0\u00bb7330&Prime; img_size=\u00a0\u00bbmedium\u00a0\u00bb add_caption=\u00a0\u00bbyes\u00a0\u00bb onclick=\u00a0\u00bblink_image\u00a0\u00bb][vc_single_image image=\u00a0\u00bb7333&Prime; img_size=\u00a0\u00bbmedium\u00a0\u00bb add_caption=\u00a0\u00bbyes\u00a0\u00bb onclick=\u00a0\u00bblink_image\u00a0\u00bb][vc_single_image image=\u00a0\u00bb7212&Prime; img_size=\u00a0\u00bbmedium\u00a0\u00bb add_caption=\u00a0\u00bbyes\u00a0\u00bb onclick=\u00a0\u00bblink_image\u00a0\u00bb][\/vc_column_inner][vc_column_inner width=\u00a0\u00bb1\/2&Prime;][vc_single_image image=\u00a0\u00bb7231&Prime; img_size=\u00a0\u00bbmedium\u00a0\u00bb add_caption=\u00a0\u00bbyes\u00a0\u00bb onclick=\u00a0\u00bblink_image\u00a0\u00bb][vc_single_image image=\u00a0\u00bb7217&Prime; img_size=\u00a0\u00bbmedium\u00a0\u00bb add_caption=\u00a0\u00bbyes\u00a0\u00bb onclick=\u00a0\u00bblink_image\u00a0\u00bb][vc_single_image image=\u00a0\u00bb7332&Prime; img_size=\u00a0\u00bbmedium\u00a0\u00bb add_caption=\u00a0\u00bbyes\u00a0\u00bb onclick=\u00a0\u00bblink_image\u00a0\u00bb][vc_single_image image=\u00a0\u00bb7211&Prime; img_size=\u00a0\u00bbmedium\u00a0\u00bb add_caption=\u00a0\u00bbyes\u00a0\u00bb onclick=\u00a0\u00bblink_image\u00a0\u00bb][\/vc_column_inner][\/vc_row_inner][\/vc_column][\/vc_row]<\/p>\n<\/div>","protected":false},"excerpt":{"rendered":"<p>[vc_row][vc_column width=\u00a0\u00bb3\/4&Prime;][vc_column_text]Pour ce dernier concert de la saison 2012-2013, vous d\u00e9couvrirez la musique et le g\u00e9nie de notre chef Airat Ichmouratov. En premi\u00e8re mondiale,\u00a0Picture Gallery, une<span class=\"excerpt-hellip\"> [\u2026]<\/span><\/p>\n","protected":false},"author":9,"featured_media":0,"parent":2209,"menu_order":4,"comment_status":"closed","ping_status":"open","template":"","meta":{"footnotes":""},"class_list":["post-2235","page","type-page","status-publish","hentry"],"_links":{"self":[{"href":"https:\/\/orchestrenouvellegeneration.com\/fr\/wp-json\/wp\/v2\/pages\/2235","targetHints":{"allow":["GET"]}}],"collection":[{"href":"https:\/\/orchestrenouvellegeneration.com\/fr\/wp-json\/wp\/v2\/pages"}],"about":[{"href":"https:\/\/orchestrenouvellegeneration.com\/fr\/wp-json\/wp\/v2\/types\/page"}],"author":[{"embeddable":true,"href":"https:\/\/orchestrenouvellegeneration.com\/fr\/wp-json\/wp\/v2\/users\/9"}],"replies":[{"embeddable":true,"href":"https:\/\/orchestrenouvellegeneration.com\/fr\/wp-json\/wp\/v2\/comments?post=2235"}],"version-history":[{"count":65,"href":"https:\/\/orchestrenouvellegeneration.com\/fr\/wp-json\/wp\/v2\/pages\/2235\/revisions"}],"predecessor-version":[{"id":8137,"href":"https:\/\/orchestrenouvellegeneration.com\/fr\/wp-json\/wp\/v2\/pages\/2235\/revisions\/8137"}],"up":[{"embeddable":true,"href":"https:\/\/orchestrenouvellegeneration.com\/fr\/wp-json\/wp\/v2\/pages\/2209"}],"wp:attachment":[{"href":"https:\/\/orchestrenouvellegeneration.com\/fr\/wp-json\/wp\/v2\/media?parent=2235"}],"curies":[{"name":"wp","href":"https:\/\/api.w.org\/{rel}","templated":true}]}}