{"id":2231,"date":"2012-08-30T15:47:46","date_gmt":"2012-08-30T15:47:46","guid":{"rendered":"https:\/\/orchestrenouvellegeneration.com\/?page_id=2231"},"modified":"2021-03-06T20:12:17","modified_gmt":"2021-03-06T20:12:17","slug":"23-mars-2013","status":"publish","type":"page","link":"https:\/\/orchestrenouvellegeneration.com\/fr\/saison-2012-2013\/23-mars-2013\/","title":{"rendered":"BEETHOVEN ET LE ROCK"},"content":{"rendered":"<div class=\"wpb-content-wrapper\"><p>[vc_row][vc_column width=\u00a0\u00bb3\/4&Prime;][vc_column_text]La musique de Beethoven est sans aucun doute la plus reconnaissable parmi le r\u00e9pertoire classique. Mais son influence s&rsquo;\u00e9tend loin au-del\u00e0 de la musique classique et les plus grands classiques de la musique rock se sont inspir\u00e9 des m\u00e9lodies de ce grand maitre. En ouverture de concert, le <em>Quatuor \u00e0 cordes n\u00ba 10 en mi b\u00e9mol majeur, opus 74<\/em> surnomm\u00e9 \u00ab Les Harpes \u00bb, vous \u00e9blouira par sa vitalit\u00e9, sa cr\u00e9ativit\u00e9 et son accessibilit\u00e9. Et assurez-vous de demeurer avec nous en deuxi\u00e8me partie pour \u00eatre transport\u00e9 deux si\u00e8cles plus tard dans le monde de la musique rock avec un hommage regroupant les plus grands succ\u00e8s de Freddy Mercury et Queen.<\/p>\n<p><em>Programme<\/em><\/p>\n<p><strong>Ludwig van Beethoven<\/strong> (1770 \u2013 1827)<br \/>\nQuatuor \u00e0 cordes n\u00b0 10 en mi b\u00e9mol, op. 74<br \/>\n(arr. pour orchestre \u00e0 cordes de Yuli Turovsky)<\/p>\n<p><strong>Jonathan Harnik<\/strong> (n\u00e9 en 1986)<br \/>\nBeyond<br \/>\n<em>pour 2 violoncelles et orchestre \u00e0 cordes<\/em><br \/>\n<em>Premi\u00e8re<\/em><\/p>\n<p><strong>Aleksey Shegolev<\/strong> (n\u00e9 en 1984)<br \/>\nUn Hommage \u00e0 Queen<br \/>\n<em>pour piano et orchestre \u00e0 cordes<\/em><\/p>\n<p><strong>Alain Aubut<\/strong>, chef d&rsquo;orchestre<br \/>\n<strong>Dmitry Babich<\/strong> et <strong>Olha Mizyuk<\/strong>, violoncelles<br \/>\n<strong>Brigitte Papillon<\/strong>, piano[\/vc_column_text][\/vc_column][vc_column width=\u00a0\u00bb1\/4&Prime;][vc_single_image image=\u00a0\u00bb7595&Prime; img_size=\u00a0\u00bbfull\u00a0\u00bb add_caption=\u00a0\u00bbyes\u00a0\u00bb onclick=\u00a0\u00bblink_image\u00a0\u00bb][\/vc_column][\/vc_row]<\/p>\n<\/div>","protected":false},"excerpt":{"rendered":"<p>[vc_row][vc_column width=\u00a0\u00bb3\/4&Prime;][vc_column_text]La musique de Beethoven est sans aucun doute la plus reconnaissable parmi le r\u00e9pertoire classique. Mais son influence s&rsquo;\u00e9tend loin au-del\u00e0 de la musique classique<span class=\"excerpt-hellip\"> [\u2026]<\/span><\/p>\n","protected":false},"author":9,"featured_media":0,"parent":2209,"menu_order":3,"comment_status":"closed","ping_status":"open","template":"","meta":{"footnotes":""},"class_list":["post-2231","page","type-page","status-publish","hentry"],"_links":{"self":[{"href":"https:\/\/orchestrenouvellegeneration.com\/fr\/wp-json\/wp\/v2\/pages\/2231","targetHints":{"allow":["GET"]}}],"collection":[{"href":"https:\/\/orchestrenouvellegeneration.com\/fr\/wp-json\/wp\/v2\/pages"}],"about":[{"href":"https:\/\/orchestrenouvellegeneration.com\/fr\/wp-json\/wp\/v2\/types\/page"}],"author":[{"embeddable":true,"href":"https:\/\/orchestrenouvellegeneration.com\/fr\/wp-json\/wp\/v2\/users\/9"}],"replies":[{"embeddable":true,"href":"https:\/\/orchestrenouvellegeneration.com\/fr\/wp-json\/wp\/v2\/comments?post=2231"}],"version-history":[{"count":23,"href":"https:\/\/orchestrenouvellegeneration.com\/fr\/wp-json\/wp\/v2\/pages\/2231\/revisions"}],"predecessor-version":[{"id":8134,"href":"https:\/\/orchestrenouvellegeneration.com\/fr\/wp-json\/wp\/v2\/pages\/2231\/revisions\/8134"}],"up":[{"embeddable":true,"href":"https:\/\/orchestrenouvellegeneration.com\/fr\/wp-json\/wp\/v2\/pages\/2209"}],"wp:attachment":[{"href":"https:\/\/orchestrenouvellegeneration.com\/fr\/wp-json\/wp\/v2\/media?parent=2231"}],"curies":[{"name":"wp","href":"https:\/\/api.w.org\/{rel}","templated":true}]}}