{"id":2223,"date":"2012-08-11T16:02:16","date_gmt":"2012-08-11T16:02:16","guid":{"rendered":"https:\/\/orchestrenouvellegeneration.com\/?page_id=2223"},"modified":"2021-03-06T20:07:44","modified_gmt":"2021-03-06T20:07:44","slug":"26-janvier-2013","status":"publish","type":"page","link":"https:\/\/orchestrenouvellegeneration.com\/fr\/saison-2012-2013\/26-janvier-2013\/","title":{"rendered":"AURORES BOR\u00c9ALES"},"content":{"rendered":"<div class=\"wpb-content-wrapper\"><p>[vc_row][vc_column width=\u00a0\u00bb3\/4&Prime;][vc_column_text]<\/p>\n<blockquote><p><span class=\"textwidget\"><em>Des d\u00e9buts \u2013 remarquables \u2013 de chef d\u2019orchestre dans le long et s\u00e9duisant Souvenir de Florence de Tcha\u00efkovsky. Attentif \u00e0 tout ce qui se d\u00e9roule de section en section, Alain Aubut pousse chacune \u00e0 son maximum, obtient d\u2019\u00e9nergiques tutti et am\u00e8ne ces jeunes \u00e0 chanter l\u2019Adagio cantabile avec une rare \u00e9motion.\u00a0<strong>Claude Gingras<\/strong>, La Presse<\/em><\/span><\/p><\/blockquote>\n<p>Edvard Grieg n\u2019a \u00e9crit qu\u2019un seul quatuor \u00e0 cordes majeur, soit le\u00a0<em>quatuor \u00e0 cordes en sol mineur, opus 27<\/em>. Pourtant, il n\u2019en reste pas moins l\u2019un des plus influents du 19e si\u00e8cle. L\u2019orchestre\u00a0<em>Nouvelle G\u00e9n\u00e9ration<\/em>\u00a0vous propose un merveilleux arrangement pour orchestre \u00e0 cordes de notre directeur artistique, Yuli Turovsky. Sous la touche personnelle de notre chef Alain Aubut, ce chef-d\u2019\u0153uvre de grande originalit\u00e9 vous procurera des moments de purs plaisirs musicaux. L\u2019Ensemble vocal K\u00d4 se joint \u00e0 l\u2019orchestre dans la\u00a0<em>Fantaisie sur un th\u00e8me de Thomas Tallis<\/em>\u00a0du compositeur Ralph Vaughan Williams pour conclure cette soir\u00e9e magique.<\/p>\n<p><em>Programme<\/em><\/p>\n<p><strong>Edvard Grieg<\/strong>\u00a0(1843 \u2013 1907)<br \/>\nQuatuor \u00e0 cordes n\u00b01 en sol mineur, op. 27<br \/>\n(arr. pour orchestre \u00e0 cordes)<\/p>\n<p><strong>Benjamin Britten<\/strong>\u00a0(1913 \u2013 1976)<br \/>\nSimple Symphony<\/p>\n<p><strong>Ralph Vaughan Williams<\/strong>\u00a0(1872 \u2013 1958)<br \/>\nFantaisie sur un th\u00e8me de Thomas Tallis<br \/>\n<em>Arrangement in\u00e9dit pour ch\u0153ur et orchestre \u00e0 cordes de Fran\u00e7ois-Hugues Leclair<\/em><\/p>\n<p><strong>Alain Aubut<\/strong>, chef d\u2019orchestre<\/p>\n<p>Avec la collaboration de l\u2019<a href=\"http:\/\/www.ensembleko.com\/intro.cfm\" target=\"_blank\" rel=\"noopener\">Ensemble vocale K\u00d4<\/a>\u00a0sous la direction de Tiphaine Legrand[\/vc_column_text][\/vc_column][vc_column width=\u00a0\u00bb1\/4&Prime;][vc_single_image image=\u00a0\u00bb7595&Prime; img_size=\u00a0\u00bbfull\u00a0\u00bb add_caption=\u00a0\u00bbyes\u00a0\u00bb onclick=\u00a0\u00bblink_image\u00a0\u00bb][vc_single_image image=\u00a0\u00bb7215&Prime; img_size=\u00a0\u00bbfull\u00a0\u00bb add_caption=\u00a0\u00bbyes\u00a0\u00bb onclick=\u00a0\u00bblink_image\u00a0\u00bb][\/vc_column][\/vc_row]<\/p>\n<\/div>","protected":false},"excerpt":{"rendered":"<p>[vc_row][vc_column width=\u00a0\u00bb3\/4&Prime;][vc_column_text] Des d\u00e9buts \u2013 remarquables \u2013 de chef d\u2019orchestre dans le long et s\u00e9duisant Souvenir de Florence de Tcha\u00efkovsky. Attentif \u00e0 tout ce qui se<span class=\"excerpt-hellip\"> [\u2026]<\/span><\/p>\n","protected":false},"author":9,"featured_media":0,"parent":2209,"menu_order":2,"comment_status":"closed","ping_status":"open","template":"","meta":{"footnotes":""},"class_list":["post-2223","page","type-page","status-publish","hentry"],"_links":{"self":[{"href":"https:\/\/orchestrenouvellegeneration.com\/fr\/wp-json\/wp\/v2\/pages\/2223","targetHints":{"allow":["GET"]}}],"collection":[{"href":"https:\/\/orchestrenouvellegeneration.com\/fr\/wp-json\/wp\/v2\/pages"}],"about":[{"href":"https:\/\/orchestrenouvellegeneration.com\/fr\/wp-json\/wp\/v2\/types\/page"}],"author":[{"embeddable":true,"href":"https:\/\/orchestrenouvellegeneration.com\/fr\/wp-json\/wp\/v2\/users\/9"}],"replies":[{"embeddable":true,"href":"https:\/\/orchestrenouvellegeneration.com\/fr\/wp-json\/wp\/v2\/comments?post=2223"}],"version-history":[{"count":19,"href":"https:\/\/orchestrenouvellegeneration.com\/fr\/wp-json\/wp\/v2\/pages\/2223\/revisions"}],"predecessor-version":[{"id":8128,"href":"https:\/\/orchestrenouvellegeneration.com\/fr\/wp-json\/wp\/v2\/pages\/2223\/revisions\/8128"}],"up":[{"embeddable":true,"href":"https:\/\/orchestrenouvellegeneration.com\/fr\/wp-json\/wp\/v2\/pages\/2209"}],"wp:attachment":[{"href":"https:\/\/orchestrenouvellegeneration.com\/fr\/wp-json\/wp\/v2\/media?parent=2223"}],"curies":[{"name":"wp","href":"https:\/\/api.w.org\/{rel}","templated":true}]}}