{"id":2214,"date":"2012-08-30T15:48:00","date_gmt":"2012-08-30T15:48:00","guid":{"rendered":"https:\/\/orchestrenouvellegeneration.com\/?page_id=2214"},"modified":"2021-03-06T20:04:48","modified_gmt":"2021-03-06T20:04:48","slug":"1-decembre-2012","status":"publish","type":"page","link":"https:\/\/orchestrenouvellegeneration.com\/fr\/saison-2012-2013\/1-decembre-2012\/","title":{"rendered":"ST\u00c9PHANE ET SES AMIS"},"content":{"rendered":"<div class=\"wpb-content-wrapper\"><p>[vc_row][vc_column width=\u00a0\u00bb3\/4&Prime;][vc_column_text]<\/p>\n<blockquote><p><span class=\"textwidget\"><em>&#8230;d\u00e9j\u00e0 grand violoncelliste et grand interpr\u00e8te, le prodige de 19 ans tire de son pr\u00e9cieux instrument les nuances les plus fines et y d\u00e9ploie la plus enti\u00e8re virtuosit\u00e9. <strong>Claude Gingras<\/strong>, La Presse<\/em><\/span><\/p><\/blockquote>\n<p>Un d\u00e9but de saison qui saura vous surprendre\u2026 Notre jeune chef et prodige du violoncelle St\u00e9phane T\u00e9treault dirigera l\u2019Orchestre en compagnie de son <em>Stradivarius<\/em> et vous fera d\u00e9couvrir une autre facette de son immense talent.<\/p>\n<p>Vous aurez la chance de l\u2019entendre comme soliste dans la magnifique Sonate \u00ab <em>Arpeggione<\/em> \u00bb de Schubert, dans un arrangement pour violoncelle et orchestre \u00e0 cordes de Yuli Turovsky, et dans le brillant <em>Divertimento<\/em> de Haydn. De plus, quelques-uns de ses amis virtuoses se joindront \u00e0 lui pour interpr\u00e9ter des \u0153uvres concertantes du grand maitre Antonio Vivaldi. <strong>Un concert d\u2019ouverture \u00e0 ne pas manquer!<\/strong><\/p>\n<p><em>Programme<\/em><\/p>\n<p><strong>Franz Schubert<\/strong> (1797 \u2013 1828)<br \/>\nSonate en la mineur, D. 821 pour arpeggione<br \/>\n<em>(arr. pour violoncelle et orchestre de Yuli Turovsky)<\/em><\/p>\n<p><strong>Joseph Haydn<\/strong> (1732 \u2013 1809)<br \/>\nDivertimento pour violoncelle et orchestre \u00e0 cordes en r\u00e9 majeur <em>(arr. Piatigorsky)<\/em><\/p>\n<p><strong>Antonio Vivaldi<\/strong> (1678 \u2013 1741)<br \/>\nConcerto pour violoncelle en sol majeur, RV 413<br \/>\nConcerto pour violon et violoncelle en Si b majeur, 547 <em>En compagnie de Sonia Hernandez au violon<\/em><br \/>\nConcerto pour deux violoncelles en sol mineur, RV 531 <em>En compagnie de Katia Bragina au violoncelle<\/em><br \/>\nConcerto pour cordes en la majeur, RV 158<\/p>\n<p><strong>St\u00e9phane T\u00e9treault<\/strong>, chef d&rsquo;orchestre \/ violoncelle[\/vc_column_text][\/vc_column][vc_column width=\u00a0\u00bb1\/4&Prime;][vc_single_image image=\u00a0\u00bb7554&Prime; img_size=\u00a0\u00bbfull\u00a0\u00bb add_caption=\u00a0\u00bbyes\u00a0\u00bb onclick=\u00a0\u00bblink_image\u00a0\u00bb][vc_single_image image=\u00a0\u00bb7313&Prime; img_size=\u00a0\u00bbfull\u00a0\u00bb add_caption=\u00a0\u00bbyes\u00a0\u00bb onclick=\u00a0\u00bblink_image\u00a0\u00bb][\/vc_column][\/vc_row]<\/p>\n<\/div>","protected":false},"excerpt":{"rendered":"<p>[vc_row][vc_column width=\u00a0\u00bb3\/4&Prime;][vc_column_text] &#8230;d\u00e9j\u00e0 grand violoncelliste et grand interpr\u00e8te, le prodige de 19 ans tire de son pr\u00e9cieux instrument les nuances les plus fines et y d\u00e9ploie<span class=\"excerpt-hellip\"> [\u2026]<\/span><\/p>\n","protected":false},"author":9,"featured_media":0,"parent":2209,"menu_order":1,"comment_status":"closed","ping_status":"open","template":"","meta":{"footnotes":""},"class_list":["post-2214","page","type-page","status-publish","hentry"],"_links":{"self":[{"href":"https:\/\/orchestrenouvellegeneration.com\/fr\/wp-json\/wp\/v2\/pages\/2214","targetHints":{"allow":["GET"]}}],"collection":[{"href":"https:\/\/orchestrenouvellegeneration.com\/fr\/wp-json\/wp\/v2\/pages"}],"about":[{"href":"https:\/\/orchestrenouvellegeneration.com\/fr\/wp-json\/wp\/v2\/types\/page"}],"author":[{"embeddable":true,"href":"https:\/\/orchestrenouvellegeneration.com\/fr\/wp-json\/wp\/v2\/users\/9"}],"replies":[{"embeddable":true,"href":"https:\/\/orchestrenouvellegeneration.com\/fr\/wp-json\/wp\/v2\/comments?post=2214"}],"version-history":[{"count":50,"href":"https:\/\/orchestrenouvellegeneration.com\/fr\/wp-json\/wp\/v2\/pages\/2214\/revisions"}],"predecessor-version":[{"id":8126,"href":"https:\/\/orchestrenouvellegeneration.com\/fr\/wp-json\/wp\/v2\/pages\/2214\/revisions\/8126"}],"up":[{"embeddable":true,"href":"https:\/\/orchestrenouvellegeneration.com\/fr\/wp-json\/wp\/v2\/pages\/2209"}],"wp:attachment":[{"href":"https:\/\/orchestrenouvellegeneration.com\/fr\/wp-json\/wp\/v2\/media?parent=2214"}],"curies":[{"name":"wp","href":"https:\/\/api.w.org\/{rel}","templated":true}]}}