{"id":1868,"date":"2012-05-17T01:13:24","date_gmt":"2012-05-17T01:13:24","guid":{"rendered":"https:\/\/orchestrenouvellegeneration.com\/?page_id=1868"},"modified":"2021-03-02T21:37:35","modified_gmt":"2021-03-02T21:37:35","slug":"lorchestre","status":"publish","type":"page","link":"https:\/\/orchestrenouvellegeneration.com\/fr\/lorchestre\/","title":{"rendered":"L&rsquo;orchestre"},"content":{"rendered":"<div class=\"wpb-content-wrapper\"><p>[vc_row][vc_column][vc_single_image image=\u00a0\u00bb7654&Prime; img_size=\u00a0\u00bbfull\u00a0\u00bb][\/vc_column][\/vc_row][vc_row][vc_column][vc_column_text]Fond\u00e9 en 2011 par Yuli et Eleonora Turovsky, l\u2019Orchestre de chambre Nouvelle G\u00e9n\u00e9ration, sous la direction artistique de Natasha Turovsky depuis 2014, a suscit\u00e9 l\u2019int\u00e9r\u00eat d\u2019une client\u00e8le fid\u00e8le et enthousiaste, ici comme ailleurs. Performant sans chef d&rsquo;orchestre, cet ensemble de onze cordes ne cesse d\u2019impressionner son auditoire par la ferveur, la joie et l\u2019intensit\u00e9 du jeu de ses musiciens.<\/p>\n<p>Issue des principes artistiques et musicaux uniques \u00e0 Yuli Turovsky, \u00ab Nouvelle G\u00e9n\u00e9ration \u00bb est ainsi nomm\u00e9e comme un clin d&rsquo;\u0153il \u00e0 la recherche constante du \u00ab renouveau \u00bb lors des performances : interpr\u00e9tations individuelles et originales, r\u00e9pertoire (qu\u2019il s\u2019agisse d\u2019\u0153uvres in\u00e9dites de compositeurs actuels ou d\u2019une r\u00e9interpr\u00e9tation singuli\u00e8re et excitante d\u2019\u0153uvres connues) ou jumelage de la musique \u00e0 d\u2019autres formes d\u2019art comme la peinture, la danse et le th\u00e9\u00e2tre.<\/p>\n<p>L\u2019Orchestre s\u2019est donn\u00e9 pour mission de sortir la musique classique des sentiers battus, de la rendre plus accessible et de bifurquer de cette conception toute faite de \u00ab ce que doit \u00eatre \u00bb un concert classique.[\/vc_column_text][\/vc_column][\/vc_row]<\/p>\n<\/div>","protected":false},"excerpt":{"rendered":"<p>[vc_row][vc_column][vc_single_image image=\u00a0\u00bb7654&Prime; img_size=\u00a0\u00bbfull\u00a0\u00bb][\/vc_column][\/vc_row][vc_row][vc_column][vc_column_text]Fond\u00e9 en 2011 par Yuli et Eleonora Turovsky, l\u2019Orchestre de chambre Nouvelle G\u00e9n\u00e9ration, sous la direction artistique de Natasha Turovsky depuis 2014, a suscit\u00e9<span class=\"excerpt-hellip\"> [\u2026]<\/span><\/p>\n","protected":false},"author":9,"featured_media":0,"parent":0,"menu_order":2,"comment_status":"closed","ping_status":"open","template":"","meta":{"footnotes":""},"class_list":["post-1868","page","type-page","status-publish","hentry"],"_links":{"self":[{"href":"https:\/\/orchestrenouvellegeneration.com\/fr\/wp-json\/wp\/v2\/pages\/1868","targetHints":{"allow":["GET"]}}],"collection":[{"href":"https:\/\/orchestrenouvellegeneration.com\/fr\/wp-json\/wp\/v2\/pages"}],"about":[{"href":"https:\/\/orchestrenouvellegeneration.com\/fr\/wp-json\/wp\/v2\/types\/page"}],"author":[{"embeddable":true,"href":"https:\/\/orchestrenouvellegeneration.com\/fr\/wp-json\/wp\/v2\/users\/9"}],"replies":[{"embeddable":true,"href":"https:\/\/orchestrenouvellegeneration.com\/fr\/wp-json\/wp\/v2\/comments?post=1868"}],"version-history":[{"count":37,"href":"https:\/\/orchestrenouvellegeneration.com\/fr\/wp-json\/wp\/v2\/pages\/1868\/revisions"}],"predecessor-version":[{"id":7844,"href":"https:\/\/orchestrenouvellegeneration.com\/fr\/wp-json\/wp\/v2\/pages\/1868\/revisions\/7844"}],"wp:attachment":[{"href":"https:\/\/orchestrenouvellegeneration.com\/fr\/wp-json\/wp\/v2\/media?parent=1868"}],"curies":[{"name":"wp","href":"https:\/\/api.w.org\/{rel}","templated":true}]}}